{"id":3453,"date":"2024-12-20T13:54:21","date_gmt":"2024-12-20T12:54:21","guid":{"rendered":"https:\/\/asturiasbestberries.es\/?post_type=product&#038;p=3453"},"modified":"2025-09-24T14:35:27","modified_gmt":"2025-09-24T12:35:27","slug":"mermelada-de-arandanos-212ml","status":"publish","type":"product","link":"https:\/\/asturiasbestberries.es\/es\/producto\/mermelada-de-arandanos-212ml\/","title":{"rendered":"Mermelada de ar\u00e1ndanos 212 ml"},"content":{"rendered":"<p><strong>Mermelada de ar\u00e1ndanos 212 ml<\/strong><\/p>\n<p>Disfruta del sabor aut\u00e9ntico de nuestra mermelada de ar\u00e1ndanos, elaborada con ingredientes 100% naturales y ar\u00e1ndanos seleccionados. Perfecta para tus desayunos, postres o como acompa\u00f1amiento en tus recetas favoritas.<\/p>\n<p><strong>Caracter\u00edsticas:<\/strong><\/p>\n<ul>\n<li><strong>Ingredientes:\u00a0<\/strong>ar\u00e1ndanos eco84,9%), az\u00facar semi-integral eco (15%), agar-agar eco (0,1%).<\/li>\n<li>\u00a0<strong>Producci\u00f3n ecol\u00f3gica.<\/strong><\/li>\n<\/ul>\n","protected":false},"excerpt":{"rendered":"<p>Mermelada de ar\u00e1ndanos 212 ml Disfruta del sabor aut\u00e9ntico de nuestra mermelada de ar\u00e1ndanos, elaborada con ingredientes 100% naturales y ar\u00e1ndanos seleccionados. Perfecta para tus desayunos, postres o como acompa\u00f1amiento en tus recetas favoritas. Caracter\u00edsticas: Ingredientes:\u00a0ar\u00e1ndanos eco84,9%), az\u00facar semi-integral eco (15%), agar-agar eco (0,1%). \u00a0Producci\u00f3n ecol\u00f3gica.<\/p>\n","protected":false},"featured_media":3461,"template":"","meta":[],"product_cat":[63],"product_tag":[45,50,64],"class_list":{"0":"post-3453","1":"product","2":"type-product","3":"status-publish","4":"has-post-thumbnail","6":"product_cat-mermelada","7":"product_tag-arandano","8":"product_tag-ecologico","9":"product_tag-mermelada","11":"first","12":"instock","13":"taxable","14":"shipping-taxable","15":"purchasable","16":"product-type-simple"},"yoast_head":"<!-- This site is optimized with the Yoast SEO plugin v23.5 - https:\/\/yoast.com\/wordpress\/plugins\/seo\/ -->\n<title>Mermelada de ar\u00e1ndanos 212 ml - Asturias Best Berries<\/title>\n<meta name=\"description\" content=\"Asturias Best Berries Disfruta del sabor aut\u00e9ntico de nuestra mermelada de ar\u00e1ndanos, elaborada con ingredientes 100% naturales y ar\u00e1ndanos seleccionados. Perfecta para tus desayunos, postres o como acompa\u00f1amiento en tus recetas favoritas.\" \/>\n<meta name=\"robots\" content=\"index, follow, max-snippet:-1, max-image-preview:large, max-video-preview:-1\" \/>\n<link rel=\"canonical\" href=\"https:\/\/asturiasbestberries.es\/es\/producto\/mermelada-de-arandanos-212ml\/\" \/>\n<meta property=\"og:locale\" content=\"es_ES\" \/>\n<meta property=\"og:type\" content=\"article\" \/>\n<meta property=\"og:title\" content=\"Mermelada de ar\u00e1ndanos 212 ml - Asturias Best Berries\" \/>\n<meta property=\"og:description\" content=\"Asturias Best Berries Disfruta del sabor aut\u00e9ntico de nuestra mermelada de ar\u00e1ndanos, elaborada con ingredientes 100% naturales y ar\u00e1ndanos seleccionados. Perfecta para tus desayunos, postres o como acompa\u00f1amiento en tus recetas favoritas.\" \/>\n<meta property=\"og:url\" content=\"https:\/\/asturiasbestberries.es\/es\/producto\/mermelada-de-arandanos-212ml\/\" \/>\n<meta property=\"og:site_name\" content=\"Asturias Best Berries\" \/>\n<meta property=\"article:modified_time\" content=\"2025-09-24T12:35:27+00:00\" \/>\n<meta property=\"og:image\" content=\"https:\/\/asturiasbestberries.es\/wp-content\/uploads\/2024\/12\/Diseno-sin-titulo-4.png\" \/>\n\t<meta property=\"og:image:width\" content=\"1080\" \/>\n\t<meta property=\"og:image:height\" content=\"1080\" \/>\n\t<meta property=\"og:image:type\" content=\"image\/png\" \/>\n<meta name=\"twitter:card\" content=\"summary_large_image\" \/>\n<meta name=\"twitter:label1\" content=\"Tiempo de lectura\" \/>\n\t<meta name=\"twitter:data1\" content=\"1 minuto\" \/>\n<script type=\"application\/ld+json\" class=\"yoast-schema-graph\">{\"@context\":\"https:\/\/schema.org\",\"@graph\":[{\"@type\":\"WebPage\",\"@id\":\"https:\/\/asturiasbestberries.es\/producto\/mermelada-de-arandanos-212ml\/\",\"url\":\"https:\/\/asturiasbestberries.es\/producto\/mermelada-de-arandanos-212ml\/\",\"name\":\"Mermelada de ar\u00e1ndanos 212 ml - Asturias Best Berries\",\"isPartOf\":{\"@id\":\"https:\/\/asturiasbestberries.es\/#website\"},\"primaryImageOfPage\":{\"@id\":\"https:\/\/asturiasbestberries.es\/producto\/mermelada-de-arandanos-212ml\/#primaryimage\"},\"image\":{\"@id\":\"https:\/\/asturiasbestberries.es\/producto\/mermelada-de-arandanos-212ml\/#primaryimage\"},\"thumbnailUrl\":\"https:\/\/asturiasbestberries.es\/wp-content\/uploads\/2024\/12\/Diseno-sin-titulo-4.png\",\"datePublished\":\"2024-12-20T12:54:21+00:00\",\"dateModified\":\"2025-09-24T12:35:27+00:00\",\"description\":\"Asturias Best Berries Disfruta del sabor aut\u00e9ntico de nuestra mermelada de ar\u00e1ndanos, elaborada con ingredientes 100% naturales y ar\u00e1ndanos seleccionados. Perfecta para tus desayunos, postres o como acompa\u00f1amiento en tus recetas favoritas.\",\"breadcrumb\":{\"@id\":\"https:\/\/asturiasbestberries.es\/producto\/mermelada-de-arandanos-212ml\/#breadcrumb\"},\"inLanguage\":\"es\",\"potentialAction\":[{\"@type\":\"ReadAction\",\"target\":[\"https:\/\/asturiasbestberries.es\/producto\/mermelada-de-arandanos-212ml\/\"]}]},{\"@type\":\"ImageObject\",\"inLanguage\":\"es\",\"@id\":\"https:\/\/asturiasbestberries.es\/producto\/mermelada-de-arandanos-212ml\/#primaryimage\",\"url\":\"https:\/\/asturiasbestberries.es\/wp-content\/uploads\/2024\/12\/Diseno-sin-titulo-4.png\",\"contentUrl\":\"https:\/\/asturiasbestberries.es\/wp-content\/uploads\/2024\/12\/Diseno-sin-titulo-4.png\",\"width\":1080,\"height\":1080,\"caption\":\"mermelada ar\u00e1ndanos\"},{\"@type\":\"BreadcrumbList\",\"@id\":\"https:\/\/asturiasbestberries.es\/producto\/mermelada-de-arandanos-212ml\/#breadcrumb\",\"itemListElement\":[{\"@type\":\"ListItem\",\"position\":1,\"name\":\"Portada\",\"item\":\"https:\/\/asturiasbestberries.es\/\"},{\"@type\":\"ListItem\",\"position\":2,\"name\":\"Tienda Online\",\"item\":\"https:\/\/asturiasbestberries.es\/tienda\/\"},{\"@type\":\"ListItem\",\"position\":3,\"name\":\"Mermelada de ar\u00e1ndanos 212 ml\"}]},{\"@type\":\"WebSite\",\"@id\":\"https:\/\/asturiasbestberries.es\/#website\",\"url\":\"https:\/\/asturiasbestberries.es\/\",\"name\":\"Asturias Best Berries\",\"description\":\"Ar\u00e1ndanos Ecol\u00f3gicos de Asturias\",\"publisher\":{\"@id\":\"https:\/\/asturiasbestberries.es\/#organization\"},\"potentialAction\":[{\"@type\":\"SearchAction\",\"target\":{\"@type\":\"EntryPoint\",\"urlTemplate\":\"https:\/\/asturiasbestberries.es\/?s={search_term_string}\"},\"query-input\":{\"@type\":\"PropertyValueSpecification\",\"valueRequired\":true,\"valueName\":\"search_term_string\"}}],\"inLanguage\":\"es\"},{\"@type\":\"Organization\",\"@id\":\"https:\/\/asturiasbestberries.es\/#organization\",\"name\":\"Asturias Best Berries\",\"url\":\"https:\/\/asturiasbestberries.es\/\",\"logo\":{\"@type\":\"ImageObject\",\"inLanguage\":\"es\",\"@id\":\"https:\/\/asturiasbestberries.es\/#\/schema\/logo\/image\/\",\"url\":\"https:\/\/asturiasbestberries.es\/wp-content\/uploads\/2019\/10\/asturias-best-berries-logo.png\",\"contentUrl\":\"https:\/\/asturiasbestberries.es\/wp-content\/uploads\/2019\/10\/asturias-best-berries-logo.png\",\"width\":800,\"height\":768,\"caption\":\"Asturias Best Berries\"},\"image\":{\"@id\":\"https:\/\/asturiasbestberries.es\/#\/schema\/logo\/image\/\"},\"sameAs\":[\"https:\/\/www.instagram.com\/asturiasbestberries\/yoast\"]}]}<\/script>\n<!-- \/ Yoast SEO plugin. -->","yoast_head_json":{"title":"Mermelada de ar\u00e1ndanos 212 ml - Asturias Best Berries","description":"Asturias Best Berries Disfruta del sabor aut\u00e9ntico de nuestra mermelada de ar\u00e1ndanos, elaborada con ingredientes 100% naturales y ar\u00e1ndanos seleccionados. Perfecta para tus desayunos, postres o como acompa\u00f1amiento en tus recetas favoritas.","robots":{"index":"index","follow":"follow","max-snippet":"max-snippet:-1","max-image-preview":"max-image-preview:large","max-video-preview":"max-video-preview:-1"},"canonical":"https:\/\/asturiasbestberries.es\/es\/producto\/mermelada-de-arandanos-212ml\/","og_locale":"es_ES","og_type":"article","og_title":"Mermelada de ar\u00e1ndanos 212 ml - Asturias Best Berries","og_description":"Asturias Best Berries Disfruta del sabor aut\u00e9ntico de nuestra mermelada de ar\u00e1ndanos, elaborada con ingredientes 100% naturales y ar\u00e1ndanos seleccionados. Perfecta para tus desayunos, postres o como acompa\u00f1amiento en tus recetas favoritas.","og_url":"https:\/\/asturiasbestberries.es\/es\/producto\/mermelada-de-arandanos-212ml\/","og_site_name":"Asturias Best Berries","article_modified_time":"2025-09-24T12:35:27+00:00","og_image":[{"width":1080,"height":1080,"url":"https:\/\/asturiasbestberries.es\/wp-content\/uploads\/2024\/12\/Diseno-sin-titulo-4.png","type":"image\/png"}],"twitter_card":"summary_large_image","twitter_misc":{"Tiempo de lectura":"1 minuto"},"schema":{"@context":"https:\/\/schema.org","@graph":[{"@type":"WebPage","@id":"https:\/\/asturiasbestberries.es\/producto\/mermelada-de-arandanos-212ml\/","url":"https:\/\/asturiasbestberries.es\/producto\/mermelada-de-arandanos-212ml\/","name":"Mermelada de ar\u00e1ndanos 212 ml - Asturias Best Berries","isPartOf":{"@id":"https:\/\/asturiasbestberries.es\/#website"},"primaryImageOfPage":{"@id":"https:\/\/asturiasbestberries.es\/producto\/mermelada-de-arandanos-212ml\/#primaryimage"},"image":{"@id":"https:\/\/asturiasbestberries.es\/producto\/mermelada-de-arandanos-212ml\/#primaryimage"},"thumbnailUrl":"https:\/\/asturiasbestberries.es\/wp-content\/uploads\/2024\/12\/Diseno-sin-titulo-4.png","datePublished":"2024-12-20T12:54:21+00:00","dateModified":"2025-09-24T12:35:27+00:00","description":"Asturias Best Berries Disfruta del sabor aut\u00e9ntico de nuestra mermelada de ar\u00e1ndanos, elaborada con ingredientes 100% naturales y ar\u00e1ndanos seleccionados. Perfecta para tus desayunos, postres o como acompa\u00f1amiento en tus recetas favoritas.","breadcrumb":{"@id":"https:\/\/asturiasbestberries.es\/producto\/mermelada-de-arandanos-212ml\/#breadcrumb"},"inLanguage":"es","potentialAction":[{"@type":"ReadAction","target":["https:\/\/asturiasbestberries.es\/producto\/mermelada-de-arandanos-212ml\/"]}]},{"@type":"ImageObject","inLanguage":"es","@id":"https:\/\/asturiasbestberries.es\/producto\/mermelada-de-arandanos-212ml\/#primaryimage","url":"https:\/\/asturiasbestberries.es\/wp-content\/uploads\/2024\/12\/Diseno-sin-titulo-4.png","contentUrl":"https:\/\/asturiasbestberries.es\/wp-content\/uploads\/2024\/12\/Diseno-sin-titulo-4.png","width":1080,"height":1080,"caption":"mermelada ar\u00e1ndanos"},{"@type":"BreadcrumbList","@id":"https:\/\/asturiasbestberries.es\/producto\/mermelada-de-arandanos-212ml\/#breadcrumb","itemListElement":[{"@type":"ListItem","position":1,"name":"Portada","item":"https:\/\/asturiasbestberries.es\/"},{"@type":"ListItem","position":2,"name":"Tienda Online","item":"https:\/\/asturiasbestberries.es\/tienda\/"},{"@type":"ListItem","position":3,"name":"Mermelada de ar\u00e1ndanos 212 ml"}]},{"@type":"WebSite","@id":"https:\/\/asturiasbestberries.es\/#website","url":"https:\/\/asturiasbestberries.es\/","name":"Asturias Best Berries","description":"Ar\u00e1ndanos Ecol\u00f3gicos de Asturias","publisher":{"@id":"https:\/\/asturiasbestberries.es\/#organization"},"potentialAction":[{"@type":"SearchAction","target":{"@type":"EntryPoint","urlTemplate":"https:\/\/asturiasbestberries.es\/?s={search_term_string}"},"query-input":{"@type":"PropertyValueSpecification","valueRequired":true,"valueName":"search_term_string"}}],"inLanguage":"es"},{"@type":"Organization","@id":"https:\/\/asturiasbestberries.es\/#organization","name":"Asturias Best Berries","url":"https:\/\/asturiasbestberries.es\/","logo":{"@type":"ImageObject","inLanguage":"es","@id":"https:\/\/asturiasbestberries.es\/#\/schema\/logo\/image\/","url":"https:\/\/asturiasbestberries.es\/wp-content\/uploads\/2019\/10\/asturias-best-berries-logo.png","contentUrl":"https:\/\/asturiasbestberries.es\/wp-content\/uploads\/2019\/10\/asturias-best-berries-logo.png","width":800,"height":768,"caption":"Asturias Best Berries"},"image":{"@id":"https:\/\/asturiasbestberries.es\/#\/schema\/logo\/image\/"},"sameAs":["https:\/\/www.instagram.com\/asturiasbestberries\/yoast"]}]}},"_links":{"self":[{"href":"https:\/\/asturiasbestberries.es\/es\/wp-json\/wp\/v2\/product\/3453"}],"collection":[{"href":"https:\/\/asturiasbestberries.es\/es\/wp-json\/wp\/v2\/product"}],"about":[{"href":"https:\/\/asturiasbestberries.es\/es\/wp-json\/wp\/v2\/types\/product"}],"wp:featuredmedia":[{"embeddable":true,"href":"https:\/\/asturiasbestberries.es\/es\/wp-json\/wp\/v2\/media\/3461"}],"wp:attachment":[{"href":"https:\/\/asturiasbestberries.es\/es\/wp-json\/wp\/v2\/media?parent=3453"}],"wp:term":[{"taxonomy":"product_cat","embeddable":true,"href":"https:\/\/asturiasbestberries.es\/es\/wp-json\/wp\/v2\/product_cat?post=3453"},{"taxonomy":"product_tag","embeddable":true,"href":"https:\/\/asturiasbestberries.es\/es\/wp-json\/wp\/v2\/product_tag?post=3453"}],"curies":[{"name":"wp","href":"https:\/\/api.w.org\/{rel}","templated":true}]}}