{"id":3302,"date":"2024-10-07T09:38:10","date_gmt":"2024-10-07T07:38:10","guid":{"rendered":"https:\/\/asturiasbestberries.es\/?page_id=3302"},"modified":"2024-10-07T11:11:17","modified_gmt":"2024-10-07T09:11:17","slug":"puntos-de-venta","status":"publish","type":"page","link":"https:\/\/asturiasbestberries.es\/es\/puntos-de-venta\/","title":{"rendered":"Puntos de venta"},"content":{"rendered":"<style>\r\n\t#wpsl-stores .wpsl-store-thumb {height:45px !important; width:45px !important;}\r\n\t#wpsl-gmap {height:500px !important;}\r\n\t#wpsl-stores, #wpsl-direction-details {height:auto !important;}\t#wpsl-gmap .wpsl-info-window {max-width:225px !important;}\r\n\t.wpsl-input label, #wpsl-radius label, #wpsl-category label {width:95px;}\r\n\t#wpsl-search-input ,#wpsl-category .wpsl-dropdown {width:179px;}\r\n<\/style>\r\n<div id=\"wpsl-wrap\" class=\"wpsl-store-below\">\r\n\t<div class=\"wpsl-search wpsl-clearfix wpsl-filter\">\r\n\t\t<div id=\"wpsl-search-wrap\">\r\n\t\t\t<form autocomplete=\"off\">\r\n\t\t\t<div class=\"wpsl-input\">\r\n\t\t\t\t<div><label for=\"wpsl-search-input\">Tu ubicaci\u00f3n<\/label><\/div>\r\n\t\t\t\t<input id=\"wpsl-search-input\" type=\"text\" value=\"\" name=\"wpsl-search-input\" placeholder=\"\" aria-required=\"true\" \/>\r\n\t\t\t<\/div>\r\n\t\t\t<div class=\"wpsl-select-wrap\">\r\n\t\t\t\t<div id=\"wpsl-radius\">\r\n\t\t\t\t\t<label for=\"wpsl-radius-dropdown\">Radio de b\u00fasqueda<\/label>\r\n\t\t\t\t\t<select id=\"wpsl-radius-dropdown\" class=\"wpsl-dropdown\" name=\"wpsl-radius\">\r\n\t\t\t\t\t\t<option value=\"10\">10 km<\/option><option value=\"25\">25 km<\/option><option value=\"50\">50 km<\/option><option value=\"100\">100 km<\/option><option value=\"200\">200 km<\/option><option value=\"500\">500 km<\/option><option selected=\"selected\" value=\"1000\">1000 km<\/option>\r\n\t\t\t\t\t<\/select>\r\n\t\t\t\t<\/div>\r\n\t\t\t\t<div id=\"wpsl-results\">\r\n\t\t\t\t\t<label for=\"wpsl-results-dropdown\">Resultados<\/label>\r\n\t\t\t\t\t<select id=\"wpsl-results-dropdown\" class=\"wpsl-dropdown\" name=\"wpsl-results\">\r\n\t\t\t\t\t\t<option value=\"25\">25<\/option><option selected=\"selected\" value=\"50\">50<\/option><option value=\"75\">75<\/option><option value=\"100\">100<\/option>\r\n\t\t\t\t\t<\/select>\r\n\t\t\t\t<\/div>\r\n\t\t\t<\/div>\r\n<div id=\"wpsl-category\">\r\n<label for=\"wpsl-category-list\">Filtro por categor\u00eda<\/label>\r\n<select  name='wpsl-category' id='wpsl-category-list' class='wpsl-dropdown'>\n\t<option value='0'>Cualquiera<\/option>\n\t<option class=\"level-0\" value=\"54\">Punto de venta<\/option>\n\t<option class=\"level-0\" value=\"53\">Sede<\/option>\n<\/select>\n<\/div>\r\n\t\t\t\t<div class=\"wpsl-search-btn-wrap\"><input id=\"wpsl-search-btn\" type=\"submit\" value=\"Buscar\"><\/div>\r\n\t\t<\/form>\r\n\t\t<\/div>\r\n\t<\/div>\r\n\t<div class=\"wpsl-gmap-wrap\">\r\n\t\t<div id=\"wpsl-gmap\" class=\"wpsl-gmap-canvas\"><\/div>\r\n\t<\/div>\r\n\t<div id=\"wpsl-result-list\">\r\n\t\t<div id=\"wpsl-stores\" >\r\n\t\t\t<ul><\/ul>\r\n\t\t<\/div>\r\n\t\t<div id=\"wpsl-direction-details\">\r\n\t\t\t<ul><\/ul>\r\n\t\t<\/div>\r\n\t<\/div>\r\n<\/div>\r\n\n","protected":false},"excerpt":{"rendered":"Tu ubicaci\u00f3n Radio de b\u00fasqueda 10 km25 km50 km100 km200 km500 km1000 km Resultados 255075100 Filtro por categor\u00eda Cualquiera Punto de venta Sede","protected":false},"author":3,"featured_media":0,"parent":0,"menu_order":0,"comment_status":"closed","ping_status":"closed","template":"","meta":{"footnotes":""},"class_list":["post-3302","page","type-page","status-publish","hentry"],"yoast_head":"<!-- This site is optimized with the Yoast SEO plugin v23.5 - https:\/\/yoast.com\/wordpress\/plugins\/seo\/ -->\n<title>Puntos de venta - Asturias Best Berries<\/title>\n<meta name=\"robots\" content=\"index, follow, max-snippet:-1, max-image-preview:large, max-video-preview:-1\" \/>\n<link rel=\"canonical\" href=\"https:\/\/asturiasbestberries.es\/es\/puntos-de-venta\/\" \/>\n<meta property=\"og:locale\" content=\"es_ES\" \/>\n<meta property=\"og:type\" content=\"article\" \/>\n<meta property=\"og:title\" content=\"Puntos de venta - Asturias Best Berries\" \/>\n<meta property=\"og:url\" content=\"https:\/\/asturiasbestberries.es\/es\/puntos-de-venta\/\" \/>\n<meta property=\"og:site_name\" content=\"Asturias Best Berries\" \/>\n<meta property=\"article:modified_time\" content=\"2024-10-07T09:11:17+00:00\" \/>\n<meta name=\"twitter:card\" content=\"summary_large_image\" \/>\n<script type=\"application\/ld+json\" class=\"yoast-schema-graph\">{\"@context\":\"https:\/\/schema.org\",\"@graph\":[{\"@type\":\"WebPage\",\"@id\":\"https:\/\/asturiasbestberries.es\/puntos-de-venta\/\",\"url\":\"https:\/\/asturiasbestberries.es\/puntos-de-venta\/\",\"name\":\"Puntos de venta - Asturias Best Berries\",\"isPartOf\":{\"@id\":\"https:\/\/asturiasbestberries.es\/#website\"},\"datePublished\":\"2024-10-07T07:38:10+00:00\",\"dateModified\":\"2024-10-07T09:11:17+00:00\",\"breadcrumb\":{\"@id\":\"https:\/\/asturiasbestberries.es\/puntos-de-venta\/#breadcrumb\"},\"inLanguage\":\"es\",\"potentialAction\":[{\"@type\":\"ReadAction\",\"target\":[\"https:\/\/asturiasbestberries.es\/puntos-de-venta\/\"]}]},{\"@type\":\"BreadcrumbList\",\"@id\":\"https:\/\/asturiasbestberries.es\/puntos-de-venta\/#breadcrumb\",\"itemListElement\":[{\"@type\":\"ListItem\",\"position\":1,\"name\":\"Portada\",\"item\":\"https:\/\/asturiasbestberries.es\/\"},{\"@type\":\"ListItem\",\"position\":2,\"name\":\"Puntos de venta\"}]},{\"@type\":\"WebSite\",\"@id\":\"https:\/\/asturiasbestberries.es\/#website\",\"url\":\"https:\/\/asturiasbestberries.es\/\",\"name\":\"Asturias Best Berries\",\"description\":\"Ar\u00e1ndanos Ecol\u00f3gicos de Asturias\",\"publisher\":{\"@id\":\"https:\/\/asturiasbestberries.es\/#organization\"},\"potentialAction\":[{\"@type\":\"SearchAction\",\"target\":{\"@type\":\"EntryPoint\",\"urlTemplate\":\"https:\/\/asturiasbestberries.es\/?s={search_term_string}\"},\"query-input\":{\"@type\":\"PropertyValueSpecification\",\"valueRequired\":true,\"valueName\":\"search_term_string\"}}],\"inLanguage\":\"es\"},{\"@type\":\"Organization\",\"@id\":\"https:\/\/asturiasbestberries.es\/#organization\",\"name\":\"Asturias Best Berries\",\"url\":\"https:\/\/asturiasbestberries.es\/\",\"logo\":{\"@type\":\"ImageObject\",\"inLanguage\":\"es\",\"@id\":\"https:\/\/asturiasbestberries.es\/#\/schema\/logo\/image\/\",\"url\":\"https:\/\/asturiasbestberries.es\/wp-content\/uploads\/2019\/10\/asturias-best-berries-logo.png\",\"contentUrl\":\"https:\/\/asturiasbestberries.es\/wp-content\/uploads\/2019\/10\/asturias-best-berries-logo.png\",\"width\":800,\"height\":768,\"caption\":\"Asturias Best Berries\"},\"image\":{\"@id\":\"https:\/\/asturiasbestberries.es\/#\/schema\/logo\/image\/\"},\"sameAs\":[\"https:\/\/www.instagram.com\/asturiasbestberries\/yoast\"]}]}<\/script>\n<!-- \/ Yoast SEO plugin. -->","yoast_head_json":{"title":"Puntos de venta - Asturias Best Berries","robots":{"index":"index","follow":"follow","max-snippet":"max-snippet:-1","max-image-preview":"max-image-preview:large","max-video-preview":"max-video-preview:-1"},"canonical":"https:\/\/asturiasbestberries.es\/es\/puntos-de-venta\/","og_locale":"es_ES","og_type":"article","og_title":"Puntos de venta - Asturias Best Berries","og_url":"https:\/\/asturiasbestberries.es\/es\/puntos-de-venta\/","og_site_name":"Asturias Best Berries","article_modified_time":"2024-10-07T09:11:17+00:00","twitter_card":"summary_large_image","schema":{"@context":"https:\/\/schema.org","@graph":[{"@type":"WebPage","@id":"https:\/\/asturiasbestberries.es\/puntos-de-venta\/","url":"https:\/\/asturiasbestberries.es\/puntos-de-venta\/","name":"Puntos de venta - Asturias Best Berries","isPartOf":{"@id":"https:\/\/asturiasbestberries.es\/#website"},"datePublished":"2024-10-07T07:38:10+00:00","dateModified":"2024-10-07T09:11:17+00:00","breadcrumb":{"@id":"https:\/\/asturiasbestberries.es\/puntos-de-venta\/#breadcrumb"},"inLanguage":"es","potentialAction":[{"@type":"ReadAction","target":["https:\/\/asturiasbestberries.es\/puntos-de-venta\/"]}]},{"@type":"BreadcrumbList","@id":"https:\/\/asturiasbestberries.es\/puntos-de-venta\/#breadcrumb","itemListElement":[{"@type":"ListItem","position":1,"name":"Portada","item":"https:\/\/asturiasbestberries.es\/"},{"@type":"ListItem","position":2,"name":"Puntos de venta"}]},{"@type":"WebSite","@id":"https:\/\/asturiasbestberries.es\/#website","url":"https:\/\/asturiasbestberries.es\/","name":"Asturias Best Berries","description":"Ar\u00e1ndanos Ecol\u00f3gicos de Asturias","publisher":{"@id":"https:\/\/asturiasbestberries.es\/#organization"},"potentialAction":[{"@type":"SearchAction","target":{"@type":"EntryPoint","urlTemplate":"https:\/\/asturiasbestberries.es\/?s={search_term_string}"},"query-input":{"@type":"PropertyValueSpecification","valueRequired":true,"valueName":"search_term_string"}}],"inLanguage":"es"},{"@type":"Organization","@id":"https:\/\/asturiasbestberries.es\/#organization","name":"Asturias Best Berries","url":"https:\/\/asturiasbestberries.es\/","logo":{"@type":"ImageObject","inLanguage":"es","@id":"https:\/\/asturiasbestberries.es\/#\/schema\/logo\/image\/","url":"https:\/\/asturiasbestberries.es\/wp-content\/uploads\/2019\/10\/asturias-best-berries-logo.png","contentUrl":"https:\/\/asturiasbestberries.es\/wp-content\/uploads\/2019\/10\/asturias-best-berries-logo.png","width":800,"height":768,"caption":"Asturias Best Berries"},"image":{"@id":"https:\/\/asturiasbestberries.es\/#\/schema\/logo\/image\/"},"sameAs":["https:\/\/www.instagram.com\/asturiasbestberries\/yoast"]}]}},"_links":{"self":[{"href":"https:\/\/asturiasbestberries.es\/es\/wp-json\/wp\/v2\/pages\/3302"}],"collection":[{"href":"https:\/\/asturiasbestberries.es\/es\/wp-json\/wp\/v2\/pages"}],"about":[{"href":"https:\/\/asturiasbestberries.es\/es\/wp-json\/wp\/v2\/types\/page"}],"author":[{"embeddable":true,"href":"https:\/\/asturiasbestberries.es\/es\/wp-json\/wp\/v2\/users\/3"}],"replies":[{"embeddable":true,"href":"https:\/\/asturiasbestberries.es\/es\/wp-json\/wp\/v2\/comments?post=3302"}],"version-history":[{"count":6,"href":"https:\/\/asturiasbestberries.es\/es\/wp-json\/wp\/v2\/pages\/3302\/revisions"}],"predecessor-version":[{"id":3314,"href":"https:\/\/asturiasbestberries.es\/es\/wp-json\/wp\/v2\/pages\/3302\/revisions\/3314"}],"wp:attachment":[{"href":"https:\/\/asturiasbestberries.es\/es\/wp-json\/wp\/v2\/media?parent=3302"}],"curies":[{"name":"wp","href":"https:\/\/api.w.org\/{rel}","templated":true}]}}