{"id":3448,"date":"2024-12-20T13:39:05","date_gmt":"2024-12-20T12:39:05","guid":{"rendered":"https:\/\/asturiasbestberries.es\/?post_type=product&#038;p=3448"},"modified":"2025-09-28T17:27:27","modified_gmt":"2025-09-28T15:27:27","slug":"zumo-arandano-ecologico-500ml","status":"publish","type":"product","link":"https:\/\/asturiasbestberries.es\/en\/product\/zumo-arandano-ecologico-500ml\/","title":{"rendered":"Zumo de ar\u00e1ndanos 500 ml"},"content":{"rendered":"<p><strong>Zumo de ar\u00e1ndanos ecol\u00f3gico 500ml<\/strong><\/p>\n<p>Siente el aut\u00e9ntico sabor natural con nuestro zumo de ar\u00e1ndano 100% ecol\u00f3gico en botella de 500 ml. Rico en antioxidantes, sin aditivos ni conservantes, perfecto para cuidar de tu salud y disfrutar del sabor de nuestro ar\u00e1ndano.<\/p>\n<p><strong>Caracter\u00edsticas:<\/strong><\/p>\n<ul>\n<li><strong>Ingredientes:<\/strong> ar\u00e1ndanos 100% ecol\u00f3gicos.<\/li>\n<li><strong>Producci\u00f3n artesanal.<\/strong><\/li>\n<\/ul>","protected":false},"excerpt":{"rendered":"<p>Zumo de ar\u00e1ndanos ecol\u00f3gico 500ml Siente el aut\u00e9ntico sabor natural con nuestro zumo de ar\u00e1ndano 100% ecol\u00f3gico en botella de 500 ml. Rico en antioxidantes, sin aditivos ni conservantes, perfecto para cuidar de tu salud y disfrutar del sabor de nuestro ar\u00e1ndano. Caracter\u00edsticas: Ingredientes: ar\u00e1ndanos 100% ecol\u00f3gicos. Producci\u00f3n artesanal.<\/p>","protected":false},"featured_media":3462,"template":"","meta":[],"product_cat":[59],"product_tag":[61,45,50,60],"class_list":{"0":"post-3448","1":"product","2":"type-product","3":"status-publish","4":"has-post-thumbnail","6":"product_cat-zumo","7":"product_tag-500ml","8":"product_tag-arandano","9":"product_tag-ecologico","10":"product_tag-zumo","12":"first","13":"instock","14":"taxable","15":"shipping-taxable","16":"purchasable","17":"product-type-simple"},"yoast_head":"<!-- This site is optimized with the Yoast SEO plugin v23.5 - https:\/\/yoast.com\/wordpress\/plugins\/seo\/ -->\n<title>Zumo de ar\u00e1ndanos 500 ml - Asturias Best Berries<\/title>\n<meta name=\"description\" content=\"Asturias Best Berries Siente el aut\u00e9ntico sabor natural con nuestro zumo de ar\u00e1ndano 100% ecol\u00f3gico en botella de 500 ml. Rico en antioxidantes, sin aditivos ni conservantes, perfecto para cuidar de tu salud y disfrutar del sabor de nuestro ar\u00e1ndano.\" \/>\n<meta name=\"robots\" content=\"index, follow, max-snippet:-1, max-image-preview:large, max-video-preview:-1\" \/>\n<link rel=\"canonical\" href=\"https:\/\/asturiasbestberries.es\/en\/product\/zumo-arandano-ecologico-500ml\/\" \/>\n<meta property=\"og:locale\" content=\"en_GB\" \/>\n<meta property=\"og:type\" content=\"article\" \/>\n<meta property=\"og:title\" content=\"Zumo de ar\u00e1ndanos 500 ml - Asturias Best Berries\" \/>\n<meta property=\"og:description\" content=\"Asturias Best Berries Siente el aut\u00e9ntico sabor natural con nuestro zumo de ar\u00e1ndano 100% ecol\u00f3gico en botella de 500 ml. Rico en antioxidantes, sin aditivos ni conservantes, perfecto para cuidar de tu salud y disfrutar del sabor de nuestro ar\u00e1ndano.\" \/>\n<meta property=\"og:url\" content=\"https:\/\/asturiasbestberries.es\/en\/product\/zumo-arandano-ecologico-500ml\/\" \/>\n<meta property=\"og:site_name\" content=\"Asturias Best Berries\" \/>\n<meta property=\"article:modified_time\" content=\"2025-09-28T15:27:27+00:00\" \/>\n<meta property=\"og:image\" content=\"https:\/\/asturiasbestberries.es\/wp-content\/uploads\/2024\/12\/Diseno-sin-titulo-3.png\" \/>\n\t<meta property=\"og:image:width\" content=\"1080\" \/>\n\t<meta property=\"og:image:height\" content=\"1080\" \/>\n\t<meta property=\"og:image:type\" content=\"image\/png\" \/>\n<meta name=\"twitter:card\" content=\"summary_large_image\" \/>\n<meta name=\"twitter:label1\" content=\"Estimated reading time\" \/>\n\t<meta name=\"twitter:data1\" content=\"1 minute\" \/>\n<script type=\"application\/ld+json\" class=\"yoast-schema-graph\">{\"@context\":\"https:\/\/schema.org\",\"@graph\":[{\"@type\":\"WebPage\",\"@id\":\"https:\/\/asturiasbestberries.es\/producto\/zumo-arandano-ecologico-500ml\/\",\"url\":\"https:\/\/asturiasbestberries.es\/producto\/zumo-arandano-ecologico-500ml\/\",\"name\":\"Zumo de ar\u00e1ndanos 500 ml - Asturias Best Berries\",\"isPartOf\":{\"@id\":\"https:\/\/asturiasbestberries.es\/#website\"},\"primaryImageOfPage\":{\"@id\":\"https:\/\/asturiasbestberries.es\/producto\/zumo-arandano-ecologico-500ml\/#primaryimage\"},\"image\":{\"@id\":\"https:\/\/asturiasbestberries.es\/producto\/zumo-arandano-ecologico-500ml\/#primaryimage\"},\"thumbnailUrl\":\"https:\/\/asturiasbestberries.es\/wp-content\/uploads\/2024\/12\/Diseno-sin-titulo-3.png\",\"datePublished\":\"2024-12-20T12:39:05+00:00\",\"dateModified\":\"2025-09-28T15:27:27+00:00\",\"description\":\"Asturias Best Berries Siente el aut\u00e9ntico sabor natural con nuestro zumo de ar\u00e1ndano 100% ecol\u00f3gico en botella de 500 ml. Rico en antioxidantes, sin aditivos ni conservantes, perfecto para cuidar de tu salud y disfrutar del sabor de nuestro ar\u00e1ndano.\",\"breadcrumb\":{\"@id\":\"https:\/\/asturiasbestberries.es\/producto\/zumo-arandano-ecologico-500ml\/#breadcrumb\"},\"inLanguage\":\"en-GB\",\"potentialAction\":[{\"@type\":\"ReadAction\",\"target\":[\"https:\/\/asturiasbestberries.es\/producto\/zumo-arandano-ecologico-500ml\/\"]}]},{\"@type\":\"ImageObject\",\"inLanguage\":\"en-GB\",\"@id\":\"https:\/\/asturiasbestberries.es\/producto\/zumo-arandano-ecologico-500ml\/#primaryimage\",\"url\":\"https:\/\/asturiasbestberries.es\/wp-content\/uploads\/2024\/12\/Diseno-sin-titulo-3.png\",\"contentUrl\":\"https:\/\/asturiasbestberries.es\/wp-content\/uploads\/2024\/12\/Diseno-sin-titulo-3.png\",\"width\":1080,\"height\":1080},{\"@type\":\"BreadcrumbList\",\"@id\":\"https:\/\/asturiasbestberries.es\/producto\/zumo-arandano-ecologico-500ml\/#breadcrumb\",\"itemListElement\":[{\"@type\":\"ListItem\",\"position\":1,\"name\":\"Portada\",\"item\":\"https:\/\/asturiasbestberries.es\/\"},{\"@type\":\"ListItem\",\"position\":2,\"name\":\"Tienda Online\",\"item\":\"https:\/\/asturiasbestberries.es\/tienda\/\"},{\"@type\":\"ListItem\",\"position\":3,\"name\":\"Zumo de ar\u00e1ndanos 500 ml\"}]},{\"@type\":\"WebSite\",\"@id\":\"https:\/\/asturiasbestberries.es\/#website\",\"url\":\"https:\/\/asturiasbestberries.es\/\",\"name\":\"Asturias Best Berries\",\"description\":\"Ar\u00e1ndanos Ecol\u00f3gicos de Asturias\",\"publisher\":{\"@id\":\"https:\/\/asturiasbestberries.es\/#organization\"},\"potentialAction\":[{\"@type\":\"SearchAction\",\"target\":{\"@type\":\"EntryPoint\",\"urlTemplate\":\"https:\/\/asturiasbestberries.es\/?s={search_term_string}\"},\"query-input\":{\"@type\":\"PropertyValueSpecification\",\"valueRequired\":true,\"valueName\":\"search_term_string\"}}],\"inLanguage\":\"en-GB\"},{\"@type\":\"Organization\",\"@id\":\"https:\/\/asturiasbestberries.es\/#organization\",\"name\":\"Asturias Best Berries\",\"url\":\"https:\/\/asturiasbestberries.es\/\",\"logo\":{\"@type\":\"ImageObject\",\"inLanguage\":\"en-GB\",\"@id\":\"https:\/\/asturiasbestberries.es\/#\/schema\/logo\/image\/\",\"url\":\"https:\/\/asturiasbestberries.es\/wp-content\/uploads\/2019\/10\/asturias-best-berries-logo.png\",\"contentUrl\":\"https:\/\/asturiasbestberries.es\/wp-content\/uploads\/2019\/10\/asturias-best-berries-logo.png\",\"width\":800,\"height\":768,\"caption\":\"Asturias Best Berries\"},\"image\":{\"@id\":\"https:\/\/asturiasbestberries.es\/#\/schema\/logo\/image\/\"},\"sameAs\":[\"https:\/\/www.instagram.com\/asturiasbestberries\/yoast\"]}]}<\/script>\n<!-- \/ Yoast SEO plugin. -->","yoast_head_json":{"title":"Zumo de ar\u00e1ndanos 500 ml - Asturias Best Berries","description":"Asturias Best Berries Siente el aut\u00e9ntico sabor natural con nuestro zumo de ar\u00e1ndano 100% ecol\u00f3gico en botella de 500 ml. Rico en antioxidantes, sin aditivos ni conservantes, perfecto para cuidar de tu salud y disfrutar del sabor de nuestro ar\u00e1ndano.","robots":{"index":"index","follow":"follow","max-snippet":"max-snippet:-1","max-image-preview":"max-image-preview:large","max-video-preview":"max-video-preview:-1"},"canonical":"https:\/\/asturiasbestberries.es\/en\/product\/zumo-arandano-ecologico-500ml\/","og_locale":"en_GB","og_type":"article","og_title":"Zumo de ar\u00e1ndanos 500 ml - Asturias Best Berries","og_description":"Asturias Best Berries Siente el aut\u00e9ntico sabor natural con nuestro zumo de ar\u00e1ndano 100% ecol\u00f3gico en botella de 500 ml. Rico en antioxidantes, sin aditivos ni conservantes, perfecto para cuidar de tu salud y disfrutar del sabor de nuestro ar\u00e1ndano.","og_url":"https:\/\/asturiasbestberries.es\/en\/product\/zumo-arandano-ecologico-500ml\/","og_site_name":"Asturias Best Berries","article_modified_time":"2025-09-28T15:27:27+00:00","og_image":[{"width":1080,"height":1080,"url":"https:\/\/asturiasbestberries.es\/wp-content\/uploads\/2024\/12\/Diseno-sin-titulo-3.png","type":"image\/png"}],"twitter_card":"summary_large_image","twitter_misc":{"Estimated reading time":"1 minute"},"schema":{"@context":"https:\/\/schema.org","@graph":[{"@type":"WebPage","@id":"https:\/\/asturiasbestberries.es\/producto\/zumo-arandano-ecologico-500ml\/","url":"https:\/\/asturiasbestberries.es\/producto\/zumo-arandano-ecologico-500ml\/","name":"Zumo de ar\u00e1ndanos 500 ml - Asturias Best Berries","isPartOf":{"@id":"https:\/\/asturiasbestberries.es\/#website"},"primaryImageOfPage":{"@id":"https:\/\/asturiasbestberries.es\/producto\/zumo-arandano-ecologico-500ml\/#primaryimage"},"image":{"@id":"https:\/\/asturiasbestberries.es\/producto\/zumo-arandano-ecologico-500ml\/#primaryimage"},"thumbnailUrl":"https:\/\/asturiasbestberries.es\/wp-content\/uploads\/2024\/12\/Diseno-sin-titulo-3.png","datePublished":"2024-12-20T12:39:05+00:00","dateModified":"2025-09-28T15:27:27+00:00","description":"Asturias Best Berries Siente el aut\u00e9ntico sabor natural con nuestro zumo de ar\u00e1ndano 100% ecol\u00f3gico en botella de 500 ml. Rico en antioxidantes, sin aditivos ni conservantes, perfecto para cuidar de tu salud y disfrutar del sabor de nuestro ar\u00e1ndano.","breadcrumb":{"@id":"https:\/\/asturiasbestberries.es\/producto\/zumo-arandano-ecologico-500ml\/#breadcrumb"},"inLanguage":"en-GB","potentialAction":[{"@type":"ReadAction","target":["https:\/\/asturiasbestberries.es\/producto\/zumo-arandano-ecologico-500ml\/"]}]},{"@type":"ImageObject","inLanguage":"en-GB","@id":"https:\/\/asturiasbestberries.es\/producto\/zumo-arandano-ecologico-500ml\/#primaryimage","url":"https:\/\/asturiasbestberries.es\/wp-content\/uploads\/2024\/12\/Diseno-sin-titulo-3.png","contentUrl":"https:\/\/asturiasbestberries.es\/wp-content\/uploads\/2024\/12\/Diseno-sin-titulo-3.png","width":1080,"height":1080},{"@type":"BreadcrumbList","@id":"https:\/\/asturiasbestberries.es\/producto\/zumo-arandano-ecologico-500ml\/#breadcrumb","itemListElement":[{"@type":"ListItem","position":1,"name":"Portada","item":"https:\/\/asturiasbestberries.es\/"},{"@type":"ListItem","position":2,"name":"Tienda Online","item":"https:\/\/asturiasbestberries.es\/tienda\/"},{"@type":"ListItem","position":3,"name":"Zumo de ar\u00e1ndanos 500 ml"}]},{"@type":"WebSite","@id":"https:\/\/asturiasbestberries.es\/#website","url":"https:\/\/asturiasbestberries.es\/","name":"Asturias Best Berries","description":"Ar\u00e1ndanos Ecol\u00f3gicos de Asturias","publisher":{"@id":"https:\/\/asturiasbestberries.es\/#organization"},"potentialAction":[{"@type":"SearchAction","target":{"@type":"EntryPoint","urlTemplate":"https:\/\/asturiasbestberries.es\/?s={search_term_string}"},"query-input":{"@type":"PropertyValueSpecification","valueRequired":true,"valueName":"search_term_string"}}],"inLanguage":"en-GB"},{"@type":"Organization","@id":"https:\/\/asturiasbestberries.es\/#organization","name":"Asturias Best Berries","url":"https:\/\/asturiasbestberries.es\/","logo":{"@type":"ImageObject","inLanguage":"en-GB","@id":"https:\/\/asturiasbestberries.es\/#\/schema\/logo\/image\/","url":"https:\/\/asturiasbestberries.es\/wp-content\/uploads\/2019\/10\/asturias-best-berries-logo.png","contentUrl":"https:\/\/asturiasbestberries.es\/wp-content\/uploads\/2019\/10\/asturias-best-berries-logo.png","width":800,"height":768,"caption":"Asturias Best Berries"},"image":{"@id":"https:\/\/asturiasbestberries.es\/#\/schema\/logo\/image\/"},"sameAs":["https:\/\/www.instagram.com\/asturiasbestberries\/yoast"]}]}},"_links":{"self":[{"href":"https:\/\/asturiasbestberries.es\/en\/wp-json\/wp\/v2\/product\/3448"}],"collection":[{"href":"https:\/\/asturiasbestberries.es\/en\/wp-json\/wp\/v2\/product"}],"about":[{"href":"https:\/\/asturiasbestberries.es\/en\/wp-json\/wp\/v2\/types\/product"}],"wp:featuredmedia":[{"embeddable":true,"href":"https:\/\/asturiasbestberries.es\/en\/wp-json\/wp\/v2\/media\/3462"}],"wp:attachment":[{"href":"https:\/\/asturiasbestberries.es\/en\/wp-json\/wp\/v2\/media?parent=3448"}],"wp:term":[{"taxonomy":"product_cat","embeddable":true,"href":"https:\/\/asturiasbestberries.es\/en\/wp-json\/wp\/v2\/product_cat?post=3448"},{"taxonomy":"product_tag","embeddable":true,"href":"https:\/\/asturiasbestberries.es\/en\/wp-json\/wp\/v2\/product_tag?post=3448"}],"curies":[{"name":"wp","href":"https:\/\/api.w.org\/{rel}","templated":true}]}}