{"id":3440,"date":"2024-12-17T16:32:31","date_gmt":"2024-12-17T15:32:31","guid":{"rendered":"https:\/\/asturiasbestberries.es\/?post_type=product&#038;p=3440"},"modified":"2025-04-01T19:09:28","modified_gmt":"2025-04-01T17:09:28","slug":"chutney-de-arandanos-230gr","status":"publish","type":"product","link":"https:\/\/asturiasbestberries.es\/en\/product\/chutney-de-arandanos-230gr\/","title":{"rendered":"Chutney de ar\u00e1ndanos 230 g"},"content":{"rendered":"<p><strong>Chutney de Ar\u00e1ndanos 230gr &#8211; Delicia Artesanal<\/strong><\/p>\n<div>\n<div>\n<div>\n<div>\n<div>\n<div>\n<div>\n<div>Descubre el exquisito sabor de nuestro Chutney de Ar\u00e1ndanos, una creaci\u00f3n artesanal que combina la dulzura natural de los ar\u00e1ndanos con un toque sutil de especias. Perfecto para acompa\u00f1ar tus platos favoritos y elevar tus comidas a un nivel gourmet.<\/div>\n<\/div>\n<\/div>\n<\/div>\n<\/div>\n<\/div>\n<\/div>\n<\/div>\n<p><strong>Caracter\u00edsticas:<\/strong><\/p>\n<ul>\n<li><strong>Ingredientes Naturales:<\/strong> Ar\u00e1ndanos (60,8%), manzana (19%), cebolla (7,6%), az\u00facar de ca\u00f1a (6,1%), vinagre (6,1%), sal y especias.<\/li>\n<li><strong>Producci\u00f3n ecol\u00f3gica.<\/strong><\/li>\n<\/ul>","protected":false},"excerpt":{"rendered":"<p>Descubre el exquisito sabor de nuestro Chutney de Ar\u00e1ndanos, una creaci\u00f3n artesanal que combina la dulzura natural de los ar\u00e1ndanos con un toque sutil de especias. Perfecto para acompa\u00f1ar tus platos favoritos y elevar tus comidas a un nivel gourmet.<\/p>","protected":false},"featured_media":3467,"template":"","meta":[],"product_cat":[62],"product_tag":[55,56,57,58],"class_list":{"0":"post-3440","1":"product","2":"type-product","3":"status-publish","4":"has-post-thumbnail","6":"product_cat-condimento","7":"product_tag-arandanos","8":"product_tag-chutney","9":"product_tag-condimento","10":"product_tag-salsa","12":"first","13":"instock","14":"taxable","15":"shipping-taxable","16":"purchasable","17":"product-type-simple"},"yoast_head":"<!-- This site is optimized with the Yoast SEO plugin v23.5 - https:\/\/yoast.com\/wordpress\/plugins\/seo\/ -->\n<title>Chutney de ar\u00e1ndanos 230 g - Asturias Best Berries<\/title>\n<meta name=\"description\" content=\"Asturias Best Berries Chutney de ar\u00e1ndanos 230 g - Descubre el exquisito sabor de nuestro Chutney de Ar\u00e1ndanos, una creaci\u00f3n artesanal que combina la dulzura natural de los ar\u00e1ndanos con un toque sutil de especias. Perfecto para acompa\u00f1ar tus platos favoritos y elevar tus comidas a un nivel gourmet. Ingredientes Naturales: Ar\u00e1ndanos (60,8%), manzana (19%), cebolla (7,6%), az\u00facar de ca\u00f1a (6,1%), vinagre (6,1%), sal y especias. Producci\u00f3n ecol\u00f3gica.\" \/>\n<meta name=\"robots\" content=\"index, follow, max-snippet:-1, max-image-preview:large, max-video-preview:-1\" \/>\n<link rel=\"canonical\" href=\"https:\/\/asturiasbestberries.es\/en\/product\/chutney-de-arandanos-230gr\/\" \/>\n<meta property=\"og:locale\" content=\"en_GB\" \/>\n<meta property=\"og:type\" content=\"article\" \/>\n<meta property=\"og:title\" content=\"Chutney de ar\u00e1ndanos 230 g - Asturias Best Berries\" \/>\n<meta property=\"og:description\" content=\"Asturias Best Berries Chutney de ar\u00e1ndanos 230 g - Descubre el exquisito sabor de nuestro Chutney de Ar\u00e1ndanos, una creaci\u00f3n artesanal que combina la dulzura natural de los ar\u00e1ndanos con un toque sutil de especias. Perfecto para acompa\u00f1ar tus platos favoritos y elevar tus comidas a un nivel gourmet. Ingredientes Naturales: Ar\u00e1ndanos (60,8%), manzana (19%), cebolla (7,6%), az\u00facar de ca\u00f1a (6,1%), vinagre (6,1%), sal y especias. Producci\u00f3n ecol\u00f3gica.\" \/>\n<meta property=\"og:url\" content=\"https:\/\/asturiasbestberries.es\/en\/product\/chutney-de-arandanos-230gr\/\" \/>\n<meta property=\"og:site_name\" content=\"Asturias Best Berries\" \/>\n<meta property=\"article:modified_time\" content=\"2025-04-01T17:09:28+00:00\" \/>\n<meta property=\"og:image\" content=\"https:\/\/asturiasbestberries.es\/wp-content\/uploads\/2024\/12\/Diseno-sin-titulo-7.png\" \/>\n\t<meta property=\"og:image:width\" content=\"1080\" \/>\n\t<meta property=\"og:image:height\" content=\"1080\" \/>\n\t<meta property=\"og:image:type\" content=\"image\/png\" \/>\n<meta name=\"twitter:card\" content=\"summary_large_image\" \/>\n<meta name=\"twitter:label1\" content=\"Estimated reading time\" \/>\n\t<meta name=\"twitter:data1\" content=\"1 minute\" \/>\n<script type=\"application\/ld+json\" class=\"yoast-schema-graph\">{\"@context\":\"https:\/\/schema.org\",\"@graph\":[{\"@type\":\"WebPage\",\"@id\":\"https:\/\/asturiasbestberries.es\/producto\/chutney-de-arandanos-230gr\/\",\"url\":\"https:\/\/asturiasbestberries.es\/producto\/chutney-de-arandanos-230gr\/\",\"name\":\"Chutney de ar\u00e1ndanos 230 g - Asturias Best Berries\",\"isPartOf\":{\"@id\":\"https:\/\/asturiasbestberries.es\/#website\"},\"primaryImageOfPage\":{\"@id\":\"https:\/\/asturiasbestberries.es\/producto\/chutney-de-arandanos-230gr\/#primaryimage\"},\"image\":{\"@id\":\"https:\/\/asturiasbestberries.es\/producto\/chutney-de-arandanos-230gr\/#primaryimage\"},\"thumbnailUrl\":\"https:\/\/asturiasbestberries.es\/wp-content\/uploads\/2024\/12\/Diseno-sin-titulo-7.png\",\"datePublished\":\"2024-12-17T15:32:31+00:00\",\"dateModified\":\"2025-04-01T17:09:28+00:00\",\"description\":\"Asturias Best Berries Chutney de ar\u00e1ndanos 230 g - Descubre el exquisito sabor de nuestro Chutney de Ar\u00e1ndanos, una creaci\u00f3n artesanal que combina la dulzura natural de los ar\u00e1ndanos con un toque sutil de especias. Perfecto para acompa\u00f1ar tus platos favoritos y elevar tus comidas a un nivel gourmet. Ingredientes Naturales: Ar\u00e1ndanos (60,8%), manzana (19%), cebolla (7,6%), az\u00facar de ca\u00f1a (6,1%), vinagre (6,1%), sal y especias. Producci\u00f3n ecol\u00f3gica.\",\"breadcrumb\":{\"@id\":\"https:\/\/asturiasbestberries.es\/producto\/chutney-de-arandanos-230gr\/#breadcrumb\"},\"inLanguage\":\"en-GB\",\"potentialAction\":[{\"@type\":\"ReadAction\",\"target\":[\"https:\/\/asturiasbestberries.es\/producto\/chutney-de-arandanos-230gr\/\"]}]},{\"@type\":\"ImageObject\",\"inLanguage\":\"en-GB\",\"@id\":\"https:\/\/asturiasbestberries.es\/producto\/chutney-de-arandanos-230gr\/#primaryimage\",\"url\":\"https:\/\/asturiasbestberries.es\/wp-content\/uploads\/2024\/12\/Diseno-sin-titulo-7.png\",\"contentUrl\":\"https:\/\/asturiasbestberries.es\/wp-content\/uploads\/2024\/12\/Diseno-sin-titulo-7.png\",\"width\":1080,\"height\":1080},{\"@type\":\"BreadcrumbList\",\"@id\":\"https:\/\/asturiasbestberries.es\/producto\/chutney-de-arandanos-230gr\/#breadcrumb\",\"itemListElement\":[{\"@type\":\"ListItem\",\"position\":1,\"name\":\"Portada\",\"item\":\"https:\/\/asturiasbestberries.es\/\"},{\"@type\":\"ListItem\",\"position\":2,\"name\":\"Tienda Online\",\"item\":\"https:\/\/asturiasbestberries.es\/tienda\/\"},{\"@type\":\"ListItem\",\"position\":3,\"name\":\"Chutney de ar\u00e1ndanos 230 g\"}]},{\"@type\":\"WebSite\",\"@id\":\"https:\/\/asturiasbestberries.es\/#website\",\"url\":\"https:\/\/asturiasbestberries.es\/\",\"name\":\"Asturias Best Berries\",\"description\":\"Ar\u00e1ndanos Ecol\u00f3gicos de Asturias\",\"publisher\":{\"@id\":\"https:\/\/asturiasbestberries.es\/#organization\"},\"potentialAction\":[{\"@type\":\"SearchAction\",\"target\":{\"@type\":\"EntryPoint\",\"urlTemplate\":\"https:\/\/asturiasbestberries.es\/?s={search_term_string}\"},\"query-input\":{\"@type\":\"PropertyValueSpecification\",\"valueRequired\":true,\"valueName\":\"search_term_string\"}}],\"inLanguage\":\"en-GB\"},{\"@type\":\"Organization\",\"@id\":\"https:\/\/asturiasbestberries.es\/#organization\",\"name\":\"Asturias Best Berries\",\"url\":\"https:\/\/asturiasbestberries.es\/\",\"logo\":{\"@type\":\"ImageObject\",\"inLanguage\":\"en-GB\",\"@id\":\"https:\/\/asturiasbestberries.es\/#\/schema\/logo\/image\/\",\"url\":\"https:\/\/asturiasbestberries.es\/wp-content\/uploads\/2019\/10\/asturias-best-berries-logo.png\",\"contentUrl\":\"https:\/\/asturiasbestberries.es\/wp-content\/uploads\/2019\/10\/asturias-best-berries-logo.png\",\"width\":800,\"height\":768,\"caption\":\"Asturias Best Berries\"},\"image\":{\"@id\":\"https:\/\/asturiasbestberries.es\/#\/schema\/logo\/image\/\"},\"sameAs\":[\"https:\/\/www.instagram.com\/asturiasbestberries\/yoast\"]}]}<\/script>\n<!-- \/ Yoast SEO plugin. -->","yoast_head_json":{"title":"Chutney de ar\u00e1ndanos 230 g - Asturias Best Berries","description":"Asturias Best Berries Chutney de ar\u00e1ndanos 230 g - Descubre el exquisito sabor de nuestro Chutney de Ar\u00e1ndanos, una creaci\u00f3n artesanal que combina la dulzura natural de los ar\u00e1ndanos con un toque sutil de especias. Perfecto para acompa\u00f1ar tus platos favoritos y elevar tus comidas a un nivel gourmet. Ingredientes Naturales: Ar\u00e1ndanos (60,8%), manzana (19%), cebolla (7,6%), az\u00facar de ca\u00f1a (6,1%), vinagre (6,1%), sal y especias. Producci\u00f3n ecol\u00f3gica.","robots":{"index":"index","follow":"follow","max-snippet":"max-snippet:-1","max-image-preview":"max-image-preview:large","max-video-preview":"max-video-preview:-1"},"canonical":"https:\/\/asturiasbestberries.es\/en\/product\/chutney-de-arandanos-230gr\/","og_locale":"en_GB","og_type":"article","og_title":"Chutney de ar\u00e1ndanos 230 g - Asturias Best Berries","og_description":"Asturias Best Berries Chutney de ar\u00e1ndanos 230 g - Descubre el exquisito sabor de nuestro Chutney de Ar\u00e1ndanos, una creaci\u00f3n artesanal que combina la dulzura natural de los ar\u00e1ndanos con un toque sutil de especias. Perfecto para acompa\u00f1ar tus platos favoritos y elevar tus comidas a un nivel gourmet. Ingredientes Naturales: Ar\u00e1ndanos (60,8%), manzana (19%), cebolla (7,6%), az\u00facar de ca\u00f1a (6,1%), vinagre (6,1%), sal y especias. Producci\u00f3n ecol\u00f3gica.","og_url":"https:\/\/asturiasbestberries.es\/en\/product\/chutney-de-arandanos-230gr\/","og_site_name":"Asturias Best Berries","article_modified_time":"2025-04-01T17:09:28+00:00","og_image":[{"width":1080,"height":1080,"url":"https:\/\/asturiasbestberries.es\/wp-content\/uploads\/2024\/12\/Diseno-sin-titulo-7.png","type":"image\/png"}],"twitter_card":"summary_large_image","twitter_misc":{"Estimated reading time":"1 minute"},"schema":{"@context":"https:\/\/schema.org","@graph":[{"@type":"WebPage","@id":"https:\/\/asturiasbestberries.es\/producto\/chutney-de-arandanos-230gr\/","url":"https:\/\/asturiasbestberries.es\/producto\/chutney-de-arandanos-230gr\/","name":"Chutney de ar\u00e1ndanos 230 g - Asturias Best Berries","isPartOf":{"@id":"https:\/\/asturiasbestberries.es\/#website"},"primaryImageOfPage":{"@id":"https:\/\/asturiasbestberries.es\/producto\/chutney-de-arandanos-230gr\/#primaryimage"},"image":{"@id":"https:\/\/asturiasbestberries.es\/producto\/chutney-de-arandanos-230gr\/#primaryimage"},"thumbnailUrl":"https:\/\/asturiasbestberries.es\/wp-content\/uploads\/2024\/12\/Diseno-sin-titulo-7.png","datePublished":"2024-12-17T15:32:31+00:00","dateModified":"2025-04-01T17:09:28+00:00","description":"Asturias Best Berries Chutney de ar\u00e1ndanos 230 g - Descubre el exquisito sabor de nuestro Chutney de Ar\u00e1ndanos, una creaci\u00f3n artesanal que combina la dulzura natural de los ar\u00e1ndanos con un toque sutil de especias. Perfecto para acompa\u00f1ar tus platos favoritos y elevar tus comidas a un nivel gourmet. Ingredientes Naturales: Ar\u00e1ndanos (60,8%), manzana (19%), cebolla (7,6%), az\u00facar de ca\u00f1a (6,1%), vinagre (6,1%), sal y especias. Producci\u00f3n ecol\u00f3gica.","breadcrumb":{"@id":"https:\/\/asturiasbestberries.es\/producto\/chutney-de-arandanos-230gr\/#breadcrumb"},"inLanguage":"en-GB","potentialAction":[{"@type":"ReadAction","target":["https:\/\/asturiasbestberries.es\/producto\/chutney-de-arandanos-230gr\/"]}]},{"@type":"ImageObject","inLanguage":"en-GB","@id":"https:\/\/asturiasbestberries.es\/producto\/chutney-de-arandanos-230gr\/#primaryimage","url":"https:\/\/asturiasbestberries.es\/wp-content\/uploads\/2024\/12\/Diseno-sin-titulo-7.png","contentUrl":"https:\/\/asturiasbestberries.es\/wp-content\/uploads\/2024\/12\/Diseno-sin-titulo-7.png","width":1080,"height":1080},{"@type":"BreadcrumbList","@id":"https:\/\/asturiasbestberries.es\/producto\/chutney-de-arandanos-230gr\/#breadcrumb","itemListElement":[{"@type":"ListItem","position":1,"name":"Portada","item":"https:\/\/asturiasbestberries.es\/"},{"@type":"ListItem","position":2,"name":"Tienda Online","item":"https:\/\/asturiasbestberries.es\/tienda\/"},{"@type":"ListItem","position":3,"name":"Chutney de ar\u00e1ndanos 230 g"}]},{"@type":"WebSite","@id":"https:\/\/asturiasbestberries.es\/#website","url":"https:\/\/asturiasbestberries.es\/","name":"Asturias Best Berries","description":"Ar\u00e1ndanos Ecol\u00f3gicos de Asturias","publisher":{"@id":"https:\/\/asturiasbestberries.es\/#organization"},"potentialAction":[{"@type":"SearchAction","target":{"@type":"EntryPoint","urlTemplate":"https:\/\/asturiasbestberries.es\/?s={search_term_string}"},"query-input":{"@type":"PropertyValueSpecification","valueRequired":true,"valueName":"search_term_string"}}],"inLanguage":"en-GB"},{"@type":"Organization","@id":"https:\/\/asturiasbestberries.es\/#organization","name":"Asturias Best Berries","url":"https:\/\/asturiasbestberries.es\/","logo":{"@type":"ImageObject","inLanguage":"en-GB","@id":"https:\/\/asturiasbestberries.es\/#\/schema\/logo\/image\/","url":"https:\/\/asturiasbestberries.es\/wp-content\/uploads\/2019\/10\/asturias-best-berries-logo.png","contentUrl":"https:\/\/asturiasbestberries.es\/wp-content\/uploads\/2019\/10\/asturias-best-berries-logo.png","width":800,"height":768,"caption":"Asturias Best Berries"},"image":{"@id":"https:\/\/asturiasbestberries.es\/#\/schema\/logo\/image\/"},"sameAs":["https:\/\/www.instagram.com\/asturiasbestberries\/yoast"]}]}},"_links":{"self":[{"href":"https:\/\/asturiasbestberries.es\/en\/wp-json\/wp\/v2\/product\/3440"}],"collection":[{"href":"https:\/\/asturiasbestberries.es\/en\/wp-json\/wp\/v2\/product"}],"about":[{"href":"https:\/\/asturiasbestberries.es\/en\/wp-json\/wp\/v2\/types\/product"}],"wp:featuredmedia":[{"embeddable":true,"href":"https:\/\/asturiasbestberries.es\/en\/wp-json\/wp\/v2\/media\/3467"}],"wp:attachment":[{"href":"https:\/\/asturiasbestberries.es\/en\/wp-json\/wp\/v2\/media?parent=3440"}],"wp:term":[{"taxonomy":"product_cat","embeddable":true,"href":"https:\/\/asturiasbestberries.es\/en\/wp-json\/wp\/v2\/product_cat?post=3440"},{"taxonomy":"product_tag","embeddable":true,"href":"https:\/\/asturiasbestberries.es\/en\/wp-json\/wp\/v2\/product_tag?post=3440"}],"curies":[{"name":"wp","href":"https:\/\/api.w.org\/{rel}","templated":true}]}}