{"id":3061,"date":"2020-06-27T09:18:38","date_gmt":"2020-06-27T07:18:38","guid":{"rendered":"https:\/\/asturiasbestberries.es\/?post_type=product&#038;p=3061"},"modified":"2025-09-22T09:44:10","modified_gmt":"2025-09-22T07:44:10","slug":"arandanos-ecologicos-para-comercios","status":"publish","type":"product","link":"https:\/\/asturiasbestberries.es\/en\/product\/arandanos-ecologicos-para-comercios\/","title":{"rendered":"Organic blueberries for shops"},"content":{"rendered":"","protected":false},"excerpt":{"rendered":"<div class=\"elementToProof\">Ofrece ar\u00e1ndanos ecol\u00f3gicos de Asturias Best Berries de gran calidad, con una presentaci\u00f3n muy cuidada y en diferentes formatos de envase y peso.<\/div>\n<div class=\"elementToProof\">Recolectados y servidos en 24 horas<\/div>\n<div class=\"elementToProof\">En frigor\u00edfico se mantienen en condiciones \u00f3ptimas al menos 15 d\u00edas.<\/div>\n<p>For more information, contact to <span style=\"color: #0563c1;\"><u><a href=\"mailto:info@asturiasbestberries.es\">info@asturiasbestberries.es<\/a><\/u><\/span> and we will offer you our special conditions and prices.<\/p>\n<p><em><strong>* AGOTADO! Todos nuestros ar\u00e1ndanos son de producci\u00f3n local. Volveremos en Junio del 2026! *<\/strong><\/em><\/p>","protected":false},"featured_media":3444,"template":"","meta":[],"product_cat":[42,43],"product_tag":[],"class_list":{"0":"post-3061","1":"product","2":"type-product","3":"status-publish","4":"has-post-thumbnail","6":"product_cat-granel","7":"product_cat-tarrina","9":"first","10":"outofstock","11":"taxable","12":"shipping-taxable","13":"product-type-simple"},"yoast_head":"<!-- This site is optimized with the Yoast SEO plugin v23.5 - https:\/\/yoast.com\/wordpress\/plugins\/seo\/ -->\n<title>Ar\u00e1ndanos ecol\u00f3gicos para comercios - Asturias Best Berries<\/title>\n<meta name=\"robots\" content=\"index, follow, max-snippet:-1, max-image-preview:large, max-video-preview:-1\" \/>\n<link rel=\"canonical\" href=\"https:\/\/asturiasbestberries.es\/en\/product\/arandanos-ecologicos-para-comercios\/\" \/>\n<meta property=\"og:locale\" content=\"en_GB\" \/>\n<meta property=\"og:type\" content=\"article\" \/>\n<meta property=\"og:title\" content=\"Ar\u00e1ndanos ecol\u00f3gicos para comercios - Asturias Best Berries\" \/>\n<meta property=\"og:description\" content=\"Ofrece ar\u00e1ndanos ecol\u00f3gicos de Asturias Best Berries de gran calidad, con una presentaci\u00f3n muy cuidada y en diferentes formatos de envase y peso. Recolectados y servidos en 24 horas En frigor\u00edfico se mantienen en condiciones \u00f3ptimas al menos 15 d\u00edas. Para m\u00e1s informaci\u00f3n, contacte al email info@asturiasbestberries.es y les ofreceremos nuestras condiciones y precios especiales.  * AGOTADO! Todos nuestros ar\u00e1ndanos son de producci\u00f3n local. Volveremos en Junio del 2026! *\" \/>\n<meta property=\"og:url\" content=\"https:\/\/asturiasbestberries.es\/en\/product\/arandanos-ecologicos-para-comercios\/\" \/>\n<meta property=\"og:site_name\" content=\"Asturias Best Berries\" \/>\n<meta property=\"article:modified_time\" content=\"2025-09-22T07:44:10+00:00\" \/>\n<meta property=\"og:image\" content=\"https:\/\/asturiasbestberries.es\/wp-content\/uploads\/2020\/06\/Arandanos-100-ecologicos-1.png\" \/>\n\t<meta property=\"og:image:width\" content=\"1080\" \/>\n\t<meta property=\"og:image:height\" content=\"1080\" \/>\n\t<meta property=\"og:image:type\" content=\"image\/png\" \/>\n<meta name=\"twitter:card\" content=\"summary_large_image\" \/>\n<meta name=\"twitter:label1\" content=\"Estimated reading time\" \/>\n\t<meta name=\"twitter:data1\" content=\"1 minute\" \/>\n<script type=\"application\/ld+json\" class=\"yoast-schema-graph\">{\"@context\":\"https:\/\/schema.org\",\"@graph\":[{\"@type\":\"WebPage\",\"@id\":\"https:\/\/asturiasbestberries.es\/producto\/arandanos-ecologicos-para-comercios\/\",\"url\":\"https:\/\/asturiasbestberries.es\/producto\/arandanos-ecologicos-para-comercios\/\",\"name\":\"Ar\u00e1ndanos ecol\u00f3gicos para comercios - Asturias Best Berries\",\"isPartOf\":{\"@id\":\"https:\/\/asturiasbestberries.es\/#website\"},\"primaryImageOfPage\":{\"@id\":\"https:\/\/asturiasbestberries.es\/producto\/arandanos-ecologicos-para-comercios\/#primaryimage\"},\"image\":{\"@id\":\"https:\/\/asturiasbestberries.es\/producto\/arandanos-ecologicos-para-comercios\/#primaryimage\"},\"thumbnailUrl\":\"https:\/\/asturiasbestberries.es\/wp-content\/uploads\/2020\/06\/Arandanos-100-ecologicos-1.png\",\"datePublished\":\"2020-06-27T07:18:38+00:00\",\"dateModified\":\"2025-09-22T07:44:10+00:00\",\"breadcrumb\":{\"@id\":\"https:\/\/asturiasbestberries.es\/producto\/arandanos-ecologicos-para-comercios\/#breadcrumb\"},\"inLanguage\":\"en-GB\",\"potentialAction\":[{\"@type\":\"ReadAction\",\"target\":[\"https:\/\/asturiasbestberries.es\/producto\/arandanos-ecologicos-para-comercios\/\"]}]},{\"@type\":\"ImageObject\",\"inLanguage\":\"en-GB\",\"@id\":\"https:\/\/asturiasbestberries.es\/producto\/arandanos-ecologicos-para-comercios\/#primaryimage\",\"url\":\"https:\/\/asturiasbestberries.es\/wp-content\/uploads\/2020\/06\/Arandanos-100-ecologicos-1.png\",\"contentUrl\":\"https:\/\/asturiasbestberries.es\/wp-content\/uploads\/2020\/06\/Arandanos-100-ecologicos-1.png\",\"width\":1080,\"height\":1080},{\"@type\":\"BreadcrumbList\",\"@id\":\"https:\/\/asturiasbestberries.es\/producto\/arandanos-ecologicos-para-comercios\/#breadcrumb\",\"itemListElement\":[{\"@type\":\"ListItem\",\"position\":1,\"name\":\"Portada\",\"item\":\"https:\/\/asturiasbestberries.es\/\"},{\"@type\":\"ListItem\",\"position\":2,\"name\":\"Tienda Online\",\"item\":\"https:\/\/asturiasbestberries.es\/tienda\/\"},{\"@type\":\"ListItem\",\"position\":3,\"name\":\"Ar\u00e1ndanos ecol\u00f3gicos para comercios\"}]},{\"@type\":\"WebSite\",\"@id\":\"https:\/\/asturiasbestberries.es\/#website\",\"url\":\"https:\/\/asturiasbestberries.es\/\",\"name\":\"Asturias Best Berries\",\"description\":\"Ar\u00e1ndanos Ecol\u00f3gicos de Asturias\",\"publisher\":{\"@id\":\"https:\/\/asturiasbestberries.es\/#organization\"},\"potentialAction\":[{\"@type\":\"SearchAction\",\"target\":{\"@type\":\"EntryPoint\",\"urlTemplate\":\"https:\/\/asturiasbestberries.es\/?s={search_term_string}\"},\"query-input\":{\"@type\":\"PropertyValueSpecification\",\"valueRequired\":true,\"valueName\":\"search_term_string\"}}],\"inLanguage\":\"en-GB\"},{\"@type\":\"Organization\",\"@id\":\"https:\/\/asturiasbestberries.es\/#organization\",\"name\":\"Asturias Best Berries\",\"url\":\"https:\/\/asturiasbestberries.es\/\",\"logo\":{\"@type\":\"ImageObject\",\"inLanguage\":\"en-GB\",\"@id\":\"https:\/\/asturiasbestberries.es\/#\/schema\/logo\/image\/\",\"url\":\"https:\/\/asturiasbestberries.es\/wp-content\/uploads\/2019\/10\/asturias-best-berries-logo.png\",\"contentUrl\":\"https:\/\/asturiasbestberries.es\/wp-content\/uploads\/2019\/10\/asturias-best-berries-logo.png\",\"width\":800,\"height\":768,\"caption\":\"Asturias Best Berries\"},\"image\":{\"@id\":\"https:\/\/asturiasbestberries.es\/#\/schema\/logo\/image\/\"},\"sameAs\":[\"https:\/\/www.instagram.com\/asturiasbestberries\/yoast\"]}]}<\/script>\n<!-- \/ Yoast SEO plugin. -->","yoast_head_json":{"title":"Ar\u00e1ndanos ecol\u00f3gicos para comercios - Asturias Best Berries","robots":{"index":"index","follow":"follow","max-snippet":"max-snippet:-1","max-image-preview":"max-image-preview:large","max-video-preview":"max-video-preview:-1"},"canonical":"https:\/\/asturiasbestberries.es\/en\/product\/arandanos-ecologicos-para-comercios\/","og_locale":"en_GB","og_type":"article","og_title":"Ar\u00e1ndanos ecol\u00f3gicos para comercios - Asturias Best Berries","og_description":"Ofrece ar\u00e1ndanos ecol\u00f3gicos de Asturias Best Berries de gran calidad, con una presentaci\u00f3n muy cuidada y en diferentes formatos de envase y peso. Recolectados y servidos en 24 horas En frigor\u00edfico se mantienen en condiciones \u00f3ptimas al menos 15 d\u00edas. Para m\u00e1s informaci\u00f3n, contacte al email info@asturiasbestberries.es y les ofreceremos nuestras condiciones y precios especiales.  * AGOTADO! Todos nuestros ar\u00e1ndanos son de producci\u00f3n local. Volveremos en Junio del 2026! *","og_url":"https:\/\/asturiasbestberries.es\/en\/product\/arandanos-ecologicos-para-comercios\/","og_site_name":"Asturias Best Berries","article_modified_time":"2025-09-22T07:44:10+00:00","og_image":[{"width":1080,"height":1080,"url":"https:\/\/asturiasbestberries.es\/wp-content\/uploads\/2020\/06\/Arandanos-100-ecologicos-1.png","type":"image\/png"}],"twitter_card":"summary_large_image","twitter_misc":{"Estimated reading time":"1 minute"},"schema":{"@context":"https:\/\/schema.org","@graph":[{"@type":"WebPage","@id":"https:\/\/asturiasbestberries.es\/producto\/arandanos-ecologicos-para-comercios\/","url":"https:\/\/asturiasbestberries.es\/producto\/arandanos-ecologicos-para-comercios\/","name":"Ar\u00e1ndanos ecol\u00f3gicos para comercios - Asturias Best Berries","isPartOf":{"@id":"https:\/\/asturiasbestberries.es\/#website"},"primaryImageOfPage":{"@id":"https:\/\/asturiasbestberries.es\/producto\/arandanos-ecologicos-para-comercios\/#primaryimage"},"image":{"@id":"https:\/\/asturiasbestberries.es\/producto\/arandanos-ecologicos-para-comercios\/#primaryimage"},"thumbnailUrl":"https:\/\/asturiasbestberries.es\/wp-content\/uploads\/2020\/06\/Arandanos-100-ecologicos-1.png","datePublished":"2020-06-27T07:18:38+00:00","dateModified":"2025-09-22T07:44:10+00:00","breadcrumb":{"@id":"https:\/\/asturiasbestberries.es\/producto\/arandanos-ecologicos-para-comercios\/#breadcrumb"},"inLanguage":"en-GB","potentialAction":[{"@type":"ReadAction","target":["https:\/\/asturiasbestberries.es\/producto\/arandanos-ecologicos-para-comercios\/"]}]},{"@type":"ImageObject","inLanguage":"en-GB","@id":"https:\/\/asturiasbestberries.es\/producto\/arandanos-ecologicos-para-comercios\/#primaryimage","url":"https:\/\/asturiasbestberries.es\/wp-content\/uploads\/2020\/06\/Arandanos-100-ecologicos-1.png","contentUrl":"https:\/\/asturiasbestberries.es\/wp-content\/uploads\/2020\/06\/Arandanos-100-ecologicos-1.png","width":1080,"height":1080},{"@type":"BreadcrumbList","@id":"https:\/\/asturiasbestberries.es\/producto\/arandanos-ecologicos-para-comercios\/#breadcrumb","itemListElement":[{"@type":"ListItem","position":1,"name":"Portada","item":"https:\/\/asturiasbestberries.es\/"},{"@type":"ListItem","position":2,"name":"Tienda Online","item":"https:\/\/asturiasbestberries.es\/tienda\/"},{"@type":"ListItem","position":3,"name":"Ar\u00e1ndanos ecol\u00f3gicos para comercios"}]},{"@type":"WebSite","@id":"https:\/\/asturiasbestberries.es\/#website","url":"https:\/\/asturiasbestberries.es\/","name":"Asturias Best Berries","description":"Ar\u00e1ndanos Ecol\u00f3gicos de Asturias","publisher":{"@id":"https:\/\/asturiasbestberries.es\/#organization"},"potentialAction":[{"@type":"SearchAction","target":{"@type":"EntryPoint","urlTemplate":"https:\/\/asturiasbestberries.es\/?s={search_term_string}"},"query-input":{"@type":"PropertyValueSpecification","valueRequired":true,"valueName":"search_term_string"}}],"inLanguage":"en-GB"},{"@type":"Organization","@id":"https:\/\/asturiasbestberries.es\/#organization","name":"Asturias Best Berries","url":"https:\/\/asturiasbestberries.es\/","logo":{"@type":"ImageObject","inLanguage":"en-GB","@id":"https:\/\/asturiasbestberries.es\/#\/schema\/logo\/image\/","url":"https:\/\/asturiasbestberries.es\/wp-content\/uploads\/2019\/10\/asturias-best-berries-logo.png","contentUrl":"https:\/\/asturiasbestberries.es\/wp-content\/uploads\/2019\/10\/asturias-best-berries-logo.png","width":800,"height":768,"caption":"Asturias Best Berries"},"image":{"@id":"https:\/\/asturiasbestberries.es\/#\/schema\/logo\/image\/"},"sameAs":["https:\/\/www.instagram.com\/asturiasbestberries\/yoast"]}]}},"_links":{"self":[{"href":"https:\/\/asturiasbestberries.es\/en\/wp-json\/wp\/v2\/product\/3061"}],"collection":[{"href":"https:\/\/asturiasbestberries.es\/en\/wp-json\/wp\/v2\/product"}],"about":[{"href":"https:\/\/asturiasbestberries.es\/en\/wp-json\/wp\/v2\/types\/product"}],"wp:featuredmedia":[{"embeddable":true,"href":"https:\/\/asturiasbestberries.es\/en\/wp-json\/wp\/v2\/media\/3444"}],"wp:attachment":[{"href":"https:\/\/asturiasbestberries.es\/en\/wp-json\/wp\/v2\/media?parent=3061"}],"wp:term":[{"taxonomy":"product_cat","embeddable":true,"href":"https:\/\/asturiasbestberries.es\/en\/wp-json\/wp\/v2\/product_cat?post=3061"},{"taxonomy":"product_tag","embeddable":true,"href":"https:\/\/asturiasbestberries.es\/en\/wp-json\/wp\/v2\/product_tag?post=3061"}],"curies":[{"name":"wp","href":"https:\/\/api.w.org\/{rel}","templated":true}]}}