{"id":2855,"date":"2021-07-23T13:05:12","date_gmt":"2021-07-23T11:05:12","guid":{"rendered":"https:\/\/asturiasbestberries.es\/?post_type=product&#038;p=2855"},"modified":"2025-09-22T09:43:41","modified_gmt":"2025-09-22T07:43:41","slug":"tarrina-500-g-arandano-100-ecologico","status":"publish","type":"product","link":"https:\/\/asturiasbestberries.es\/en\/product\/tarrina-500-g-arandano-100-ecologico\/","title":{"rendered":"500 g Box - 100% Organic Blueberry"},"content":{"rendered":"<p>Cultive Features of Asturias Best Berries:<\/p>\n<ul>\n<li><strong>Enviroment Friendly:<\/strong> We minimize our environmental footprint with responsible management of all our waste and efficient use of water and resources.<\/li>\n<li><strong>100% natural product: <\/strong>Asturias Best Berries uses a 100% natural fertilizers<\/li>\n<li><strong>Organic Agriculture Certified: <\/strong>European Certificate by COPAE, Asturias Best Berries grow a 100% organic plantation.<\/li>\n<li><strong>Autosuficientes: <\/strong>Con nuestro sistema de generaci\u00f3n solar producimos el 100% de la energ\u00eda el\u00e9ctrica que necesitamos.<\/li>\n<\/ul>","protected":false},"excerpt":{"rendered":"<p><strong>Precio per kg:<\/strong> <strong>13\u20ac\/kg<\/strong><\/p>\n<p><strong>\u00a0<\/strong><\/p>\n<div class=\"elementToProof\">Env\u00edo gratuitos en pedidos superiores a <b>6 kilos<\/b> (12 estuches)<\/div>\n<div class=\"elementToProof\">Pedido m\u00ednimo <b>2 kilos<\/b><\/div>\n<div class=\"elementToProof\">Recolectamos y enviamos pedidos online los Lunes, Martes y Mi\u00e9rcoles. Entregas en 24 horas<\/div>\n<div><\/div>\n<div><em><strong>* AGOTADO! Todos nuestros ar\u00e1ndanos son de producci\u00f3n local. Volveremos en Junio del 2026! *<\/strong><\/em><\/div>","protected":false},"featured_media":3442,"template":"","meta":[],"product_cat":[43],"product_tag":[45,48,46,44,50,49,51,47],"class_list":{"0":"post-2855","1":"product","2":"type-product","3":"status-publish","4":"has-post-thumbnail","6":"product_cat-tarrina","7":"product_tag-arandano","8":"product_tag-aurora","9":"product_tag-cargo","10":"product_tag-duke","11":"product_tag-ecologico","12":"product_tag-last-call","13":"product_tag-tarrina","14":"product_tag-top-shelf","16":"first","17":"outofstock","18":"taxable","19":"shipping-taxable","20":"purchasable","21":"product-type-simple"},"yoast_head":"<!-- This site is optimized with the Yoast SEO plugin v23.5 - https:\/\/yoast.com\/wordpress\/plugins\/seo\/ -->\n<title>Tarrina 500 g Ar\u00e1ndano 100% Ecol\u00f3gico - Asturias Best Berries<\/title>\n<meta name=\"description\" content=\"Ar\u00e1ndano 100% natural: Nuestros ar\u00e1ndanos son abonados con fertilizantes 100% naturales. Certificado Europeo Agricultura Ecol\u00f3gica (COPAE)\" \/>\n<meta name=\"robots\" content=\"index, follow, max-snippet:-1, max-image-preview:large, max-video-preview:-1\" \/>\n<link rel=\"canonical\" href=\"https:\/\/asturiasbestberries.es\/en\/product\/tarrina-500-g-arandano-100-ecologico\/\" \/>\n<meta property=\"og:locale\" content=\"en_GB\" \/>\n<meta property=\"og:type\" content=\"article\" \/>\n<meta property=\"og:title\" content=\"Tarrina 500 g Ar\u00e1ndano 100% Ecol\u00f3gico - Asturias Best Berries\" \/>\n<meta property=\"og:description\" content=\"Ar\u00e1ndano 100% natural: Nuestros ar\u00e1ndanos son abonados con fertilizantes 100% naturales. Certificado Europeo Agricultura Ecol\u00f3gica (COPAE)\" \/>\n<meta property=\"og:url\" content=\"https:\/\/asturiasbestberries.es\/en\/product\/tarrina-500-g-arandano-100-ecologico\/\" \/>\n<meta property=\"og:site_name\" content=\"Asturias Best Berries\" \/>\n<meta property=\"article:modified_time\" content=\"2025-09-22T07:43:41+00:00\" \/>\n<meta property=\"og:image\" content=\"https:\/\/asturiasbestberries.es\/wp-content\/uploads\/2021\/07\/Arandanos-100-ecologicos.png\" \/>\n\t<meta property=\"og:image:width\" content=\"1080\" \/>\n\t<meta property=\"og:image:height\" content=\"1080\" \/>\n\t<meta property=\"og:image:type\" content=\"image\/png\" \/>\n<meta name=\"twitter:card\" content=\"summary_large_image\" \/>\n<meta name=\"twitter:label1\" content=\"Estimated reading time\" \/>\n\t<meta name=\"twitter:data1\" content=\"1 minute\" \/>\n<script type=\"application\/ld+json\" class=\"yoast-schema-graph\">{\"@context\":\"https:\/\/schema.org\",\"@graph\":[{\"@type\":\"WebPage\",\"@id\":\"https:\/\/asturiasbestberries.es\/producto\/tarrina-500-g-arandano-100-ecologico\/\",\"url\":\"https:\/\/asturiasbestberries.es\/producto\/tarrina-500-g-arandano-100-ecologico\/\",\"name\":\"Tarrina 500 g Ar\u00e1ndano 100% Ecol\u00f3gico - Asturias Best Berries\",\"isPartOf\":{\"@id\":\"https:\/\/asturiasbestberries.es\/#website\"},\"primaryImageOfPage\":{\"@id\":\"https:\/\/asturiasbestberries.es\/producto\/tarrina-500-g-arandano-100-ecologico\/#primaryimage\"},\"image\":{\"@id\":\"https:\/\/asturiasbestberries.es\/producto\/tarrina-500-g-arandano-100-ecologico\/#primaryimage\"},\"thumbnailUrl\":\"https:\/\/asturiasbestberries.es\/wp-content\/uploads\/2021\/07\/Arandanos-100-ecologicos.png\",\"datePublished\":\"2021-07-23T11:05:12+00:00\",\"dateModified\":\"2025-09-22T07:43:41+00:00\",\"description\":\"Ar\u00e1ndano 100% natural: Nuestros ar\u00e1ndanos son abonados con fertilizantes 100% naturales. Certificado Europeo Agricultura Ecol\u00f3gica (COPAE)\",\"breadcrumb\":{\"@id\":\"https:\/\/asturiasbestberries.es\/producto\/tarrina-500-g-arandano-100-ecologico\/#breadcrumb\"},\"inLanguage\":\"en-GB\",\"potentialAction\":[{\"@type\":\"ReadAction\",\"target\":[\"https:\/\/asturiasbestberries.es\/producto\/tarrina-500-g-arandano-100-ecologico\/\"]}]},{\"@type\":\"ImageObject\",\"inLanguage\":\"en-GB\",\"@id\":\"https:\/\/asturiasbestberries.es\/producto\/tarrina-500-g-arandano-100-ecologico\/#primaryimage\",\"url\":\"https:\/\/asturiasbestberries.es\/wp-content\/uploads\/2021\/07\/Arandanos-100-ecologicos.png\",\"contentUrl\":\"https:\/\/asturiasbestberries.es\/wp-content\/uploads\/2021\/07\/Arandanos-100-ecologicos.png\",\"width\":1080,\"height\":1080,\"caption\":\"ar\u00e1ndanos-ecol\u00f3gicos-tarrina-500g\"},{\"@type\":\"BreadcrumbList\",\"@id\":\"https:\/\/asturiasbestberries.es\/producto\/tarrina-500-g-arandano-100-ecologico\/#breadcrumb\",\"itemListElement\":[{\"@type\":\"ListItem\",\"position\":1,\"name\":\"Portada\",\"item\":\"https:\/\/asturiasbestberries.es\/\"},{\"@type\":\"ListItem\",\"position\":2,\"name\":\"Tienda Online\",\"item\":\"https:\/\/asturiasbestberries.es\/tienda\/\"},{\"@type\":\"ListItem\",\"position\":3,\"name\":\"Tarrina 500 g Ar\u00e1ndano 100% Ecol\u00f3gico\"}]},{\"@type\":\"WebSite\",\"@id\":\"https:\/\/asturiasbestberries.es\/#website\",\"url\":\"https:\/\/asturiasbestberries.es\/\",\"name\":\"Asturias Best Berries\",\"description\":\"Ar\u00e1ndanos Ecol\u00f3gicos de Asturias\",\"publisher\":{\"@id\":\"https:\/\/asturiasbestberries.es\/#organization\"},\"potentialAction\":[{\"@type\":\"SearchAction\",\"target\":{\"@type\":\"EntryPoint\",\"urlTemplate\":\"https:\/\/asturiasbestberries.es\/?s={search_term_string}\"},\"query-input\":{\"@type\":\"PropertyValueSpecification\",\"valueRequired\":true,\"valueName\":\"search_term_string\"}}],\"inLanguage\":\"en-GB\"},{\"@type\":\"Organization\",\"@id\":\"https:\/\/asturiasbestberries.es\/#organization\",\"name\":\"Asturias Best Berries\",\"url\":\"https:\/\/asturiasbestberries.es\/\",\"logo\":{\"@type\":\"ImageObject\",\"inLanguage\":\"en-GB\",\"@id\":\"https:\/\/asturiasbestberries.es\/#\/schema\/logo\/image\/\",\"url\":\"https:\/\/asturiasbestberries.es\/wp-content\/uploads\/2019\/10\/asturias-best-berries-logo.png\",\"contentUrl\":\"https:\/\/asturiasbestberries.es\/wp-content\/uploads\/2019\/10\/asturias-best-berries-logo.png\",\"width\":800,\"height\":768,\"caption\":\"Asturias Best Berries\"},\"image\":{\"@id\":\"https:\/\/asturiasbestberries.es\/#\/schema\/logo\/image\/\"},\"sameAs\":[\"https:\/\/www.instagram.com\/asturiasbestberries\/yoast\"]}]}<\/script>\n<!-- \/ Yoast SEO plugin. -->","yoast_head_json":{"title":"Tarrina 500 g Ar\u00e1ndano 100% Ecol\u00f3gico - Asturias Best Berries","description":"Ar\u00e1ndano 100% natural: Nuestros ar\u00e1ndanos son abonados con fertilizantes 100% naturales. Certificado Europeo Agricultura Ecol\u00f3gica (COPAE)","robots":{"index":"index","follow":"follow","max-snippet":"max-snippet:-1","max-image-preview":"max-image-preview:large","max-video-preview":"max-video-preview:-1"},"canonical":"https:\/\/asturiasbestberries.es\/en\/product\/tarrina-500-g-arandano-100-ecologico\/","og_locale":"en_GB","og_type":"article","og_title":"Tarrina 500 g Ar\u00e1ndano 100% Ecol\u00f3gico - Asturias Best Berries","og_description":"Ar\u00e1ndano 100% natural: Nuestros ar\u00e1ndanos son abonados con fertilizantes 100% naturales. Certificado Europeo Agricultura Ecol\u00f3gica (COPAE)","og_url":"https:\/\/asturiasbestberries.es\/en\/product\/tarrina-500-g-arandano-100-ecologico\/","og_site_name":"Asturias Best Berries","article_modified_time":"2025-09-22T07:43:41+00:00","og_image":[{"width":1080,"height":1080,"url":"https:\/\/asturiasbestberries.es\/wp-content\/uploads\/2021\/07\/Arandanos-100-ecologicos.png","type":"image\/png"}],"twitter_card":"summary_large_image","twitter_misc":{"Estimated reading time":"1 minute"},"schema":{"@context":"https:\/\/schema.org","@graph":[{"@type":"WebPage","@id":"https:\/\/asturiasbestberries.es\/producto\/tarrina-500-g-arandano-100-ecologico\/","url":"https:\/\/asturiasbestberries.es\/producto\/tarrina-500-g-arandano-100-ecologico\/","name":"Tarrina 500 g Ar\u00e1ndano 100% Ecol\u00f3gico - Asturias Best Berries","isPartOf":{"@id":"https:\/\/asturiasbestberries.es\/#website"},"primaryImageOfPage":{"@id":"https:\/\/asturiasbestberries.es\/producto\/tarrina-500-g-arandano-100-ecologico\/#primaryimage"},"image":{"@id":"https:\/\/asturiasbestberries.es\/producto\/tarrina-500-g-arandano-100-ecologico\/#primaryimage"},"thumbnailUrl":"https:\/\/asturiasbestberries.es\/wp-content\/uploads\/2021\/07\/Arandanos-100-ecologicos.png","datePublished":"2021-07-23T11:05:12+00:00","dateModified":"2025-09-22T07:43:41+00:00","description":"Ar\u00e1ndano 100% natural: Nuestros ar\u00e1ndanos son abonados con fertilizantes 100% naturales. Certificado Europeo Agricultura Ecol\u00f3gica (COPAE)","breadcrumb":{"@id":"https:\/\/asturiasbestberries.es\/producto\/tarrina-500-g-arandano-100-ecologico\/#breadcrumb"},"inLanguage":"en-GB","potentialAction":[{"@type":"ReadAction","target":["https:\/\/asturiasbestberries.es\/producto\/tarrina-500-g-arandano-100-ecologico\/"]}]},{"@type":"ImageObject","inLanguage":"en-GB","@id":"https:\/\/asturiasbestberries.es\/producto\/tarrina-500-g-arandano-100-ecologico\/#primaryimage","url":"https:\/\/asturiasbestberries.es\/wp-content\/uploads\/2021\/07\/Arandanos-100-ecologicos.png","contentUrl":"https:\/\/asturiasbestberries.es\/wp-content\/uploads\/2021\/07\/Arandanos-100-ecologicos.png","width":1080,"height":1080,"caption":"ar\u00e1ndanos-ecol\u00f3gicos-tarrina-500g"},{"@type":"BreadcrumbList","@id":"https:\/\/asturiasbestberries.es\/producto\/tarrina-500-g-arandano-100-ecologico\/#breadcrumb","itemListElement":[{"@type":"ListItem","position":1,"name":"Portada","item":"https:\/\/asturiasbestberries.es\/"},{"@type":"ListItem","position":2,"name":"Tienda Online","item":"https:\/\/asturiasbestberries.es\/tienda\/"},{"@type":"ListItem","position":3,"name":"Tarrina 500 g Ar\u00e1ndano 100% Ecol\u00f3gico"}]},{"@type":"WebSite","@id":"https:\/\/asturiasbestberries.es\/#website","url":"https:\/\/asturiasbestberries.es\/","name":"Asturias Best Berries","description":"Ar\u00e1ndanos Ecol\u00f3gicos de Asturias","publisher":{"@id":"https:\/\/asturiasbestberries.es\/#organization"},"potentialAction":[{"@type":"SearchAction","target":{"@type":"EntryPoint","urlTemplate":"https:\/\/asturiasbestberries.es\/?s={search_term_string}"},"query-input":{"@type":"PropertyValueSpecification","valueRequired":true,"valueName":"search_term_string"}}],"inLanguage":"en-GB"},{"@type":"Organization","@id":"https:\/\/asturiasbestberries.es\/#organization","name":"Asturias Best Berries","url":"https:\/\/asturiasbestberries.es\/","logo":{"@type":"ImageObject","inLanguage":"en-GB","@id":"https:\/\/asturiasbestberries.es\/#\/schema\/logo\/image\/","url":"https:\/\/asturiasbestberries.es\/wp-content\/uploads\/2019\/10\/asturias-best-berries-logo.png","contentUrl":"https:\/\/asturiasbestberries.es\/wp-content\/uploads\/2019\/10\/asturias-best-berries-logo.png","width":800,"height":768,"caption":"Asturias Best Berries"},"image":{"@id":"https:\/\/asturiasbestberries.es\/#\/schema\/logo\/image\/"},"sameAs":["https:\/\/www.instagram.com\/asturiasbestberries\/yoast"]}]}},"_links":{"self":[{"href":"https:\/\/asturiasbestberries.es\/en\/wp-json\/wp\/v2\/product\/2855"}],"collection":[{"href":"https:\/\/asturiasbestberries.es\/en\/wp-json\/wp\/v2\/product"}],"about":[{"href":"https:\/\/asturiasbestberries.es\/en\/wp-json\/wp\/v2\/types\/product"}],"wp:featuredmedia":[{"embeddable":true,"href":"https:\/\/asturiasbestberries.es\/en\/wp-json\/wp\/v2\/media\/3442"}],"wp:attachment":[{"href":"https:\/\/asturiasbestberries.es\/en\/wp-json\/wp\/v2\/media?parent=2855"}],"wp:term":[{"taxonomy":"product_cat","embeddable":true,"href":"https:\/\/asturiasbestberries.es\/en\/wp-json\/wp\/v2\/product_cat?post=2855"},{"taxonomy":"product_tag","embeddable":true,"href":"https:\/\/asturiasbestberries.es\/en\/wp-json\/wp\/v2\/product_tag?post=2855"}],"curies":[{"name":"wp","href":"https:\/\/api.w.org\/{rel}","templated":true}]}}