{"id":2858,"date":"2021-07-23T14:13:21","date_gmt":"2021-07-23T12:13:21","guid":{"rendered":"https:\/\/asturiasbestberries.es\/?page_id=2858"},"modified":"2023-06-27T10:05:42","modified_gmt":"2023-06-27T08:05:42","slug":"terminos-y-condiciones-de-uso","status":"publish","type":"page","link":"https:\/\/asturiasbestberries.es\/en\/terminos-y-condiciones-de-uso\/","title":{"rendered":"Terms of use"},"content":{"rendered":"<h2>Payment methods<\/h2>\n<p>We have two methods available:<\/p>\n<ul>\n<li>Card Payment<\/li>\n<li>Paypal payment<\/li>\n<\/ul>\n<h2>Deliveries<\/h2>\n<p>Free shipping for orders from 6,5kg<\/p>\n<table border=\"0\" cellspacing=\"0\">\n<tbody>\n<tr>\n<td align=\"left\" height=\"26\"><b>Kg<\/b><\/td>\n<td align=\"right\"><b>Shipping price<\/b><\/td>\n<\/tr>\n<tr>\n<td align=\"left\" height=\"26\">2<\/td>\n<td align=\"right\">6,01 \u20ac<\/td>\n<\/tr>\n<tr>\n<td align=\"left\" height=\"26\">2.5 to 4<\/td>\n<td align=\"right\">6,59 \u20ac<\/td>\n<\/tr>\n<tr>\n<td align=\"left\" height=\"26\">4.5 to 6<\/td>\n<td align=\"right\">8,70 \u20ac<\/td>\n<\/tr>\n<tr>\n<td align=\"left\" height=\"26\">From 6.5<\/td>\n<td align=\"right\">FREE<\/td>\n<\/tr>\n<\/tbody>\n<\/table>\n<p>Shipping companies:<\/p>\n<ul>\n<li>Correos Express<\/li>\n<\/ul>\n<h2>Conditions<\/h2>\n<ul>\n<li><em>Minimum order: 2kg<\/em><\/li>\n<\/ul>\n<p>&nbsp;<\/p>","protected":false},"excerpt":{"rendered":"<p>Formas de pago Tenemos disponibles dos formas de pago: Pago con tarjeta 100% seguro a trav\u00e9s de TPV virtual bancario (Caja Rural) Pago por Paypal M\u00e9todos y gastos de env\u00edo Env\u00edos gratuitos para pedidos de 6,5kg en adelante. Kg Precio env\u00edo 2 6,01 \u20ac 2,5 a 4 6,59 \u20ac 4,5 a 6 8,70 \u20ac 6,5 [&hellip;]<\/p>","protected":false},"author":3,"featured_media":0,"parent":0,"menu_order":0,"comment_status":"closed","ping_status":"closed","template":"","meta":{"footnotes":""},"class_list":["post-2858","page","type-page","status-publish","hentry"],"yoast_head":"<!-- This site is optimized with the Yoast SEO plugin v23.5 - https:\/\/yoast.com\/wordpress\/plugins\/seo\/ -->\n<title>T\u00e9rminos y condiciones de uso - Asturias Best Berries<\/title>\n<meta name=\"robots\" content=\"index, follow, max-snippet:-1, max-image-preview:large, max-video-preview:-1\" \/>\n<link rel=\"canonical\" href=\"https:\/\/asturiasbestberries.es\/en\/terminos-y-condiciones-de-uso\/\" \/>\n<meta property=\"og:locale\" content=\"en_GB\" \/>\n<meta property=\"og:type\" content=\"article\" \/>\n<meta property=\"og:title\" content=\"T\u00e9rminos y condiciones de uso - Asturias Best Berries\" \/>\n<meta property=\"og:description\" content=\"Formas de pago Tenemos disponibles dos formas de pago: Pago con tarjeta 100% seguro a trav\u00e9s de TPV virtual bancario (Caja Rural) Pago por Paypal M\u00e9todos y gastos de env\u00edo Env\u00edos gratuitos para pedidos de 6,5kg en adelante. Kg Precio env\u00edo 2 6,01 \u20ac 2,5 a 4 6,59 \u20ac 4,5 a 6 8,70 \u20ac 6,5 [&hellip;]\" \/>\n<meta property=\"og:url\" content=\"https:\/\/asturiasbestberries.es\/en\/terminos-y-condiciones-de-uso\/\" \/>\n<meta property=\"og:site_name\" content=\"Asturias Best Berries\" \/>\n<meta property=\"article:modified_time\" content=\"2023-06-27T08:05:42+00:00\" \/>\n<meta name=\"twitter:card\" content=\"summary_large_image\" \/>\n<meta name=\"twitter:label1\" content=\"Estimated reading time\" \/>\n\t<meta name=\"twitter:data1\" content=\"1 minute\" \/>\n<script type=\"application\/ld+json\" class=\"yoast-schema-graph\">{\"@context\":\"https:\/\/schema.org\",\"@graph\":[{\"@type\":\"WebPage\",\"@id\":\"https:\/\/asturiasbestberries.es\/terminos-y-condiciones-de-uso\/\",\"url\":\"https:\/\/asturiasbestberries.es\/terminos-y-condiciones-de-uso\/\",\"name\":\"T\u00e9rminos y condiciones de uso - Asturias Best Berries\",\"isPartOf\":{\"@id\":\"https:\/\/asturiasbestberries.es\/#website\"},\"datePublished\":\"2021-07-23T12:13:21+00:00\",\"dateModified\":\"2023-06-27T08:05:42+00:00\",\"breadcrumb\":{\"@id\":\"https:\/\/asturiasbestberries.es\/terminos-y-condiciones-de-uso\/#breadcrumb\"},\"inLanguage\":\"en-GB\",\"potentialAction\":[{\"@type\":\"ReadAction\",\"target\":[\"https:\/\/asturiasbestberries.es\/terminos-y-condiciones-de-uso\/\"]}]},{\"@type\":\"BreadcrumbList\",\"@id\":\"https:\/\/asturiasbestberries.es\/terminos-y-condiciones-de-uso\/#breadcrumb\",\"itemListElement\":[{\"@type\":\"ListItem\",\"position\":1,\"name\":\"Portada\",\"item\":\"https:\/\/asturiasbestberries.es\/\"},{\"@type\":\"ListItem\",\"position\":2,\"name\":\"T\u00e9rminos y condiciones de uso\"}]},{\"@type\":\"WebSite\",\"@id\":\"https:\/\/asturiasbestberries.es\/#website\",\"url\":\"https:\/\/asturiasbestberries.es\/\",\"name\":\"Asturias Best Berries\",\"description\":\"Ar\u00e1ndanos Ecol\u00f3gicos de Asturias\",\"publisher\":{\"@id\":\"https:\/\/asturiasbestberries.es\/#organization\"},\"potentialAction\":[{\"@type\":\"SearchAction\",\"target\":{\"@type\":\"EntryPoint\",\"urlTemplate\":\"https:\/\/asturiasbestberries.es\/?s={search_term_string}\"},\"query-input\":{\"@type\":\"PropertyValueSpecification\",\"valueRequired\":true,\"valueName\":\"search_term_string\"}}],\"inLanguage\":\"en-GB\"},{\"@type\":\"Organization\",\"@id\":\"https:\/\/asturiasbestberries.es\/#organization\",\"name\":\"Asturias Best Berries\",\"url\":\"https:\/\/asturiasbestberries.es\/\",\"logo\":{\"@type\":\"ImageObject\",\"inLanguage\":\"en-GB\",\"@id\":\"https:\/\/asturiasbestberries.es\/#\/schema\/logo\/image\/\",\"url\":\"https:\/\/asturiasbestberries.es\/wp-content\/uploads\/2019\/10\/asturias-best-berries-logo.png\",\"contentUrl\":\"https:\/\/asturiasbestberries.es\/wp-content\/uploads\/2019\/10\/asturias-best-berries-logo.png\",\"width\":800,\"height\":768,\"caption\":\"Asturias Best Berries\"},\"image\":{\"@id\":\"https:\/\/asturiasbestberries.es\/#\/schema\/logo\/image\/\"},\"sameAs\":[\"https:\/\/www.instagram.com\/asturiasbestberries\/yoast\"]}]}<\/script>\n<!-- \/ Yoast SEO plugin. -->","yoast_head_json":{"title":"T\u00e9rminos y condiciones de uso - Asturias Best Berries","robots":{"index":"index","follow":"follow","max-snippet":"max-snippet:-1","max-image-preview":"max-image-preview:large","max-video-preview":"max-video-preview:-1"},"canonical":"https:\/\/asturiasbestberries.es\/en\/terminos-y-condiciones-de-uso\/","og_locale":"en_GB","og_type":"article","og_title":"T\u00e9rminos y condiciones de uso - Asturias Best Berries","og_description":"Formas de pago Tenemos disponibles dos formas de pago: Pago con tarjeta 100% seguro a trav\u00e9s de TPV virtual bancario (Caja Rural) Pago por Paypal M\u00e9todos y gastos de env\u00edo Env\u00edos gratuitos para pedidos de 6,5kg en adelante. Kg Precio env\u00edo 2 6,01 \u20ac 2,5 a 4 6,59 \u20ac 4,5 a 6 8,70 \u20ac 6,5 [&hellip;]","og_url":"https:\/\/asturiasbestberries.es\/en\/terminos-y-condiciones-de-uso\/","og_site_name":"Asturias Best Berries","article_modified_time":"2023-06-27T08:05:42+00:00","twitter_card":"summary_large_image","twitter_misc":{"Estimated reading time":"1 minute"},"schema":{"@context":"https:\/\/schema.org","@graph":[{"@type":"WebPage","@id":"https:\/\/asturiasbestberries.es\/terminos-y-condiciones-de-uso\/","url":"https:\/\/asturiasbestberries.es\/terminos-y-condiciones-de-uso\/","name":"T\u00e9rminos y condiciones de uso - Asturias Best Berries","isPartOf":{"@id":"https:\/\/asturiasbestberries.es\/#website"},"datePublished":"2021-07-23T12:13:21+00:00","dateModified":"2023-06-27T08:05:42+00:00","breadcrumb":{"@id":"https:\/\/asturiasbestberries.es\/terminos-y-condiciones-de-uso\/#breadcrumb"},"inLanguage":"en-GB","potentialAction":[{"@type":"ReadAction","target":["https:\/\/asturiasbestberries.es\/terminos-y-condiciones-de-uso\/"]}]},{"@type":"BreadcrumbList","@id":"https:\/\/asturiasbestberries.es\/terminos-y-condiciones-de-uso\/#breadcrumb","itemListElement":[{"@type":"ListItem","position":1,"name":"Portada","item":"https:\/\/asturiasbestberries.es\/"},{"@type":"ListItem","position":2,"name":"T\u00e9rminos y condiciones de uso"}]},{"@type":"WebSite","@id":"https:\/\/asturiasbestberries.es\/#website","url":"https:\/\/asturiasbestberries.es\/","name":"Asturias Best Berries","description":"Ar\u00e1ndanos Ecol\u00f3gicos de Asturias","publisher":{"@id":"https:\/\/asturiasbestberries.es\/#organization"},"potentialAction":[{"@type":"SearchAction","target":{"@type":"EntryPoint","urlTemplate":"https:\/\/asturiasbestberries.es\/?s={search_term_string}"},"query-input":{"@type":"PropertyValueSpecification","valueRequired":true,"valueName":"search_term_string"}}],"inLanguage":"en-GB"},{"@type":"Organization","@id":"https:\/\/asturiasbestberries.es\/#organization","name":"Asturias Best Berries","url":"https:\/\/asturiasbestberries.es\/","logo":{"@type":"ImageObject","inLanguage":"en-GB","@id":"https:\/\/asturiasbestberries.es\/#\/schema\/logo\/image\/","url":"https:\/\/asturiasbestberries.es\/wp-content\/uploads\/2019\/10\/asturias-best-berries-logo.png","contentUrl":"https:\/\/asturiasbestberries.es\/wp-content\/uploads\/2019\/10\/asturias-best-berries-logo.png","width":800,"height":768,"caption":"Asturias Best Berries"},"image":{"@id":"https:\/\/asturiasbestberries.es\/#\/schema\/logo\/image\/"},"sameAs":["https:\/\/www.instagram.com\/asturiasbestberries\/yoast"]}]}},"_links":{"self":[{"href":"https:\/\/asturiasbestberries.es\/en\/wp-json\/wp\/v2\/pages\/2858"}],"collection":[{"href":"https:\/\/asturiasbestberries.es\/en\/wp-json\/wp\/v2\/pages"}],"about":[{"href":"https:\/\/asturiasbestberries.es\/en\/wp-json\/wp\/v2\/types\/page"}],"author":[{"embeddable":true,"href":"https:\/\/asturiasbestberries.es\/en\/wp-json\/wp\/v2\/users\/3"}],"replies":[{"embeddable":true,"href":"https:\/\/asturiasbestberries.es\/en\/wp-json\/wp\/v2\/comments?post=2858"}],"version-history":[{"count":7,"href":"https:\/\/asturiasbestberries.es\/en\/wp-json\/wp\/v2\/pages\/2858\/revisions"}],"predecessor-version":[{"id":3071,"href":"https:\/\/asturiasbestberries.es\/en\/wp-json\/wp\/v2\/pages\/2858\/revisions\/3071"}],"wp:attachment":[{"href":"https:\/\/asturiasbestberries.es\/en\/wp-json\/wp\/v2\/media?parent=2858"}],"curies":[{"name":"wp","href":"https:\/\/api.w.org\/{rel}","templated":true}]}}