{"id":2215,"date":"2019-10-28T10:11:30","date_gmt":"2019-10-28T09:11:30","guid":{"rendered":"https:\/\/asturiasbestberries.es\/?page_id=2215"},"modified":"2019-10-28T10:11:30","modified_gmt":"2019-10-28T09:11:30","slug":"politica-de-cookies","status":"publish","type":"page","link":"https:\/\/asturiasbestberries.es\/en\/politica-de-cookies\/","title":{"rendered":"Cookie Policy"},"content":{"rendered":"<p class=\"rtejustify\">A cookie is a file that is downloaded to your computer when accessing certain web pages. Cookies allow web pages, among other things, to store and retrieve information about the browsing habits of a user or their equipment and, depending on the information they contain and the way they use their equipment, they can be used to recognize to user.<\/p>\n<p class=\"rtejustify\">\n<ul>\n<li>\n<p class=\"rtejustify\"><strong>Technical cookies:<\/strong> They are those that allow the user to navigate through a web page, platform or application and use the different options or services that exist there, such as, for example, control traffic and data communication, identify the session, access to parts of restricted access, remember the elements that make up an order, make the purchase process of an order, make the request for registration or participation in an event, use security elements while browsing, store content for the dissemination of videos or Sound or share content through social networks.<\/p>\n<\/li>\n<li>\n<p class=\"rtejustify\"><strong>Personalization cookies<\/strong>: They are those that allow the user to access the service with some predefined general characteristics based on a series of criteria in the user's terminal such as the language, the type of browser through which the service is accessed, the regional settings from where you access the service, etc.<\/p>\n<\/li>\n<li>\n<p class=\"rtejustify\"><strong>Analysis cookies:<\/strong> They are those that allow the person responsible for them to monitor and analyze the behavior of the users of the websites to which they are linked. The information collected through this type of cookies is used in the measurement of the activity of the websites, application or platform and for the elaboration of navigation profiles of the users of said sites, applications and platforms, in order to introduce improvements in function of the analysis of the usage data made by the users of the service.<\/p>\n<\/li>\n<li>\n<p class=\"rtejustify\"><strong>Advertising cookies<\/strong>: They are those that allow the management, in the most efficient way possible, of the advertising spaces that, where appropriate, the editor has included in a web page, application or platform from which it provides the requested service based on criteria such as content edited or the frequency at which the ads are displayed.<\/p>\n<\/li>\n<li>\n<p class=\"rtejustify\"><strong>Behavioral advertising cookies<\/strong>: They are those that allow the management, in the most efficient way possible, of the advertising spaces that, where appropriate, the editor has included in a web page, application or platform from which it provides the requested service. These cookies store information on the behavior of users obtained through the continuous observation of their browsing habits, which allows developing a specific profile to display advertising based on it.<\/p>\n<\/li>\n<\/ul>\n<h4 class=\"rtejustify\">HOW TO BLOCK OR DELETE COOKIES INSTALLED ON YOUR EQUIPMENT<\/h4>\n<p class=\"rtejustify\">If you prefer not to enable cookies, you can block or delete them in your browser:<\/p>\n<ul>\n<li>\n<p class=\"rtejustify\"><u><a href=\"http:\/\/support.google.com\/chrome\/bin\/answer.py?hl=es&amp;answer=95647\" target=\"_blank\" rel=\"noopener noreferrer\">how to administer cookies in Google Chrome<\/a><\/u><\/p>\n<\/li>\n<li>\n<p class=\"rtejustify\"><u><a href=\"http:\/\/windows.microsoft.com\/es-xl\/internet-explorer\/delete-manage-cookies#ie=ie-10\" target=\"_blank\" rel=\"noopener noreferrer\">how to administer cookies in Microsoft Internet Explorer<\/a><\/u><\/p>\n<\/li>\n<li>\n<p class=\"rtejustify\"><u><a href=\"http:\/\/support.mozilla.org\/es\/kb\/Habilitar%20y%20deshabilitar%20cookies?s=cookie&amp;r=1&amp;e=es&amp;as=s7\" target=\"_blank\" rel=\"noopener noreferrer\">how to administer cookies in Mozilla Firefox<\/a><\/u><\/p>\n<\/li>\n<li>\n<p class=\"rtejustify\"><u><a href=\"http:\/\/safari.helpmax.net\/es\/privacidad-y-seguridad\/como-gestionar-las-cookies\/\" target=\"_blank\" rel=\"noopener noreferrer\">how to administer cookies in Apple Safari<\/a><\/u><\/p>\n<\/li>\n<\/ul>","protected":false},"excerpt":{"rendered":"<p>Una cookie es un fichero que se descarga en su ordenador al acceder a determinadas p\u00e1ginas web. Las cookies permiten a las p\u00e1ginas web, entre otras cosas, almacenar y recuperar informaci\u00f3n sobre los h\u00e1bitos de navegaci\u00f3n de un usuario o de su equipo y, dependiendo de la informaci\u00f3n que contengan y de la forma en [&hellip;]<\/p>","protected":false},"author":3,"featured_media":0,"parent":0,"menu_order":0,"comment_status":"closed","ping_status":"closed","template":"","meta":{"footnotes":""},"class_list":["post-2215","page","type-page","status-publish","hentry"],"yoast_head":"<!-- This site is optimized with the Yoast SEO plugin v23.5 - https:\/\/yoast.com\/wordpress\/plugins\/seo\/ -->\n<title>Pol\u00edtica de cookies - Asturias Best Berries<\/title>\n<meta name=\"robots\" content=\"index, follow, max-snippet:-1, max-image-preview:large, max-video-preview:-1\" \/>\n<link rel=\"canonical\" href=\"https:\/\/asturiasbestberries.es\/en\/politica-de-cookies\/\" \/>\n<meta property=\"og:locale\" content=\"en_GB\" \/>\n<meta property=\"og:type\" content=\"article\" \/>\n<meta property=\"og:title\" content=\"Pol\u00edtica de cookies - Asturias Best Berries\" \/>\n<meta property=\"og:description\" content=\"Una cookie es un fichero que se descarga en su ordenador al acceder a determinadas p\u00e1ginas web. Las cookies permiten a las p\u00e1ginas web, entre otras cosas, almacenar y recuperar informaci\u00f3n sobre los h\u00e1bitos de navegaci\u00f3n de un usuario o de su equipo y, dependiendo de la informaci\u00f3n que contengan y de la forma en [&hellip;]\" \/>\n<meta property=\"og:url\" content=\"https:\/\/asturiasbestberries.es\/en\/politica-de-cookies\/\" \/>\n<meta property=\"og:site_name\" content=\"Asturias Best Berries\" \/>\n<meta name=\"twitter:card\" content=\"summary_large_image\" \/>\n<meta name=\"twitter:label1\" content=\"Estimated reading time\" \/>\n\t<meta name=\"twitter:data1\" content=\"3 minutes\" \/>\n<script type=\"application\/ld+json\" class=\"yoast-schema-graph\">{\"@context\":\"https:\/\/schema.org\",\"@graph\":[{\"@type\":\"WebPage\",\"@id\":\"https:\/\/asturiasbestberries.es\/es\/politica-de-cookies\/\",\"url\":\"https:\/\/asturiasbestberries.es\/es\/politica-de-cookies\/\",\"name\":\"Pol\u00edtica de cookies - Asturias Best Berries\",\"isPartOf\":{\"@id\":\"https:\/\/asturiasbestberries.es\/#website\"},\"datePublished\":\"2019-10-28T09:11:30+00:00\",\"dateModified\":\"2019-10-28T09:11:30+00:00\",\"breadcrumb\":{\"@id\":\"https:\/\/asturiasbestberries.es\/es\/politica-de-cookies\/#breadcrumb\"},\"inLanguage\":\"en-GB\",\"potentialAction\":[{\"@type\":\"ReadAction\",\"target\":[\"https:\/\/asturiasbestberries.es\/es\/politica-de-cookies\/\"]}]},{\"@type\":\"BreadcrumbList\",\"@id\":\"https:\/\/asturiasbestberries.es\/es\/politica-de-cookies\/#breadcrumb\",\"itemListElement\":[{\"@type\":\"ListItem\",\"position\":1,\"name\":\"Portada\",\"item\":\"https:\/\/asturiasbestberries.es\/\"},{\"@type\":\"ListItem\",\"position\":2,\"name\":\"Pol\u00edtica de cookies\"}]},{\"@type\":\"WebSite\",\"@id\":\"https:\/\/asturiasbestberries.es\/#website\",\"url\":\"https:\/\/asturiasbestberries.es\/\",\"name\":\"Asturias Best Berries\",\"description\":\"Ar\u00e1ndanos Ecol\u00f3gicos de Asturias\",\"publisher\":{\"@id\":\"https:\/\/asturiasbestberries.es\/#organization\"},\"potentialAction\":[{\"@type\":\"SearchAction\",\"target\":{\"@type\":\"EntryPoint\",\"urlTemplate\":\"https:\/\/asturiasbestberries.es\/?s={search_term_string}\"},\"query-input\":{\"@type\":\"PropertyValueSpecification\",\"valueRequired\":true,\"valueName\":\"search_term_string\"}}],\"inLanguage\":\"en-GB\"},{\"@type\":\"Organization\",\"@id\":\"https:\/\/asturiasbestberries.es\/#organization\",\"name\":\"Asturias Best Berries\",\"url\":\"https:\/\/asturiasbestberries.es\/\",\"logo\":{\"@type\":\"ImageObject\",\"inLanguage\":\"en-GB\",\"@id\":\"https:\/\/asturiasbestberries.es\/#\/schema\/logo\/image\/\",\"url\":\"https:\/\/asturiasbestberries.es\/wp-content\/uploads\/2019\/10\/asturias-best-berries-logo.png\",\"contentUrl\":\"https:\/\/asturiasbestberries.es\/wp-content\/uploads\/2019\/10\/asturias-best-berries-logo.png\",\"width\":800,\"height\":768,\"caption\":\"Asturias Best Berries\"},\"image\":{\"@id\":\"https:\/\/asturiasbestberries.es\/#\/schema\/logo\/image\/\"},\"sameAs\":[\"https:\/\/www.instagram.com\/asturiasbestberries\/yoast\"]}]}<\/script>\n<!-- \/ Yoast SEO plugin. -->","yoast_head_json":{"title":"Pol\u00edtica de cookies - Asturias Best Berries","robots":{"index":"index","follow":"follow","max-snippet":"max-snippet:-1","max-image-preview":"max-image-preview:large","max-video-preview":"max-video-preview:-1"},"canonical":"https:\/\/asturiasbestberries.es\/en\/politica-de-cookies\/","og_locale":"en_GB","og_type":"article","og_title":"Pol\u00edtica de cookies - Asturias Best Berries","og_description":"Una cookie es un fichero que se descarga en su ordenador al acceder a determinadas p\u00e1ginas web. Las cookies permiten a las p\u00e1ginas web, entre otras cosas, almacenar y recuperar informaci\u00f3n sobre los h\u00e1bitos de navegaci\u00f3n de un usuario o de su equipo y, dependiendo de la informaci\u00f3n que contengan y de la forma en [&hellip;]","og_url":"https:\/\/asturiasbestberries.es\/en\/politica-de-cookies\/","og_site_name":"Asturias Best Berries","twitter_card":"summary_large_image","twitter_misc":{"Estimated reading time":"3 minutes"},"schema":{"@context":"https:\/\/schema.org","@graph":[{"@type":"WebPage","@id":"https:\/\/asturiasbestberries.es\/es\/politica-de-cookies\/","url":"https:\/\/asturiasbestberries.es\/es\/politica-de-cookies\/","name":"Pol\u00edtica de cookies - Asturias Best Berries","isPartOf":{"@id":"https:\/\/asturiasbestberries.es\/#website"},"datePublished":"2019-10-28T09:11:30+00:00","dateModified":"2019-10-28T09:11:30+00:00","breadcrumb":{"@id":"https:\/\/asturiasbestberries.es\/es\/politica-de-cookies\/#breadcrumb"},"inLanguage":"en-GB","potentialAction":[{"@type":"ReadAction","target":["https:\/\/asturiasbestberries.es\/es\/politica-de-cookies\/"]}]},{"@type":"BreadcrumbList","@id":"https:\/\/asturiasbestberries.es\/es\/politica-de-cookies\/#breadcrumb","itemListElement":[{"@type":"ListItem","position":1,"name":"Portada","item":"https:\/\/asturiasbestberries.es\/"},{"@type":"ListItem","position":2,"name":"Pol\u00edtica de cookies"}]},{"@type":"WebSite","@id":"https:\/\/asturiasbestberries.es\/#website","url":"https:\/\/asturiasbestberries.es\/","name":"Asturias Best Berries","description":"Ar\u00e1ndanos Ecol\u00f3gicos de Asturias","publisher":{"@id":"https:\/\/asturiasbestberries.es\/#organization"},"potentialAction":[{"@type":"SearchAction","target":{"@type":"EntryPoint","urlTemplate":"https:\/\/asturiasbestberries.es\/?s={search_term_string}"},"query-input":{"@type":"PropertyValueSpecification","valueRequired":true,"valueName":"search_term_string"}}],"inLanguage":"en-GB"},{"@type":"Organization","@id":"https:\/\/asturiasbestberries.es\/#organization","name":"Asturias Best Berries","url":"https:\/\/asturiasbestberries.es\/","logo":{"@type":"ImageObject","inLanguage":"en-GB","@id":"https:\/\/asturiasbestberries.es\/#\/schema\/logo\/image\/","url":"https:\/\/asturiasbestberries.es\/wp-content\/uploads\/2019\/10\/asturias-best-berries-logo.png","contentUrl":"https:\/\/asturiasbestberries.es\/wp-content\/uploads\/2019\/10\/asturias-best-berries-logo.png","width":800,"height":768,"caption":"Asturias Best Berries"},"image":{"@id":"https:\/\/asturiasbestberries.es\/#\/schema\/logo\/image\/"},"sameAs":["https:\/\/www.instagram.com\/asturiasbestberries\/yoast"]}]}},"_links":{"self":[{"href":"https:\/\/asturiasbestberries.es\/en\/wp-json\/wp\/v2\/pages\/2215"}],"collection":[{"href":"https:\/\/asturiasbestberries.es\/en\/wp-json\/wp\/v2\/pages"}],"about":[{"href":"https:\/\/asturiasbestberries.es\/en\/wp-json\/wp\/v2\/types\/page"}],"author":[{"embeddable":true,"href":"https:\/\/asturiasbestberries.es\/en\/wp-json\/wp\/v2\/users\/3"}],"replies":[{"embeddable":true,"href":"https:\/\/asturiasbestberries.es\/en\/wp-json\/wp\/v2\/comments?post=2215"}],"version-history":[{"count":2,"href":"https:\/\/asturiasbestberries.es\/en\/wp-json\/wp\/v2\/pages\/2215\/revisions"}],"predecessor-version":[{"id":2852,"href":"https:\/\/asturiasbestberries.es\/en\/wp-json\/wp\/v2\/pages\/2215\/revisions\/2852"}],"wp:attachment":[{"href":"https:\/\/asturiasbestberries.es\/en\/wp-json\/wp\/v2\/media?parent=2215"}],"curies":[{"name":"wp","href":"https:\/\/api.w.org\/{rel}","templated":true}]}}